{"id":304,"date":"2020-05-30T14:17:04","date_gmt":"2020-05-30T14:17:04","guid":{"rendered":"http:\/\/mariabelenjewelry.com\/?page_id=304"},"modified":"2023-07-04T19:41:41","modified_gmt":"2023-07-05T00:41:41","slug":"terminos-y-condiciones","status":"publish","type":"page","link":"https:\/\/mariabelenjewelry.com\/es\/terminos-y-condiciones\/","title":{"rendered":"T\u00e9rminos y Condiciones"},"content":{"rendered":"\r\n<div class=\"container section-title-container\" ><h3 class=\"section-title section-title-normal\"><b aria-hidden=\"true\"><\/b><span class=\"section-title-main\" >T\u00e9rminos y Condiciones<\/span><b aria-hidden=\"true\"><\/b><\/h3><\/div>\r\n\r\n<h2><span style=\"font-size: 100%;\"><strong>Env\u00edos<\/strong><\/span><\/h2>\r\n<ul>\r\n<li>Todas nuestras piezas son enviadas por paqueter\u00eda privada.<\/li>\r\n<li>Los pedidos se entregan en un plazo de 2-5 d\u00edas h\u00e1biles completos. Se consideran d\u00edas h\u00e1biles los d\u00edas laborables de lunes a viernes. El Env\u00edo Est\u00e1ndar es gratuito dentro de la Rep\u00fablica Mexicana.<\/li>\r\n<li>Para Mar\u00eda Bel\u00e9n Jewelry es prioritario que recibas tu pedido de manera segura y sin da\u00f1os. Todos nuestros art\u00edculos se env\u00edan en una caja de env\u00edo est\u00e1ndar, empaquetados en bolsa y caja individual.<\/li>\r\n<li>Ten en cuenta que el tiempo de env\u00edo puede variar debido a las costumbres locales y al tiempo de manejo de la oficina local de paqueter\u00eda.<\/li>\r\n<li>En temporada de venta alta, el plazo de 2 a 5 d\u00edas se ampl\u00eda a 7 d\u00edas h\u00e1biles.<\/li>\r\n<\/ul>\r\n<h2><span style=\"font-size: 100%;\"><strong>Pol\u00edtica de cambios y devoluciones <\/strong><\/span><\/h2>\r\n<ul>\r\n<li><span style=\"font-size: 14.4px;\">\u00danicamente se aceptan cambios de piezas, si la pieza se encuentra en perfectas condiciones, sin da\u00f1os y dentro de su embalaje original.<\/span><\/li>\r\n<li><span style=\"font-size: 14.4px;\"> Las piezas deben devolverse dentro de los 10 d\u00edas a partir del d\u00eda en que las recibi\u00f3.<\/span><\/li>\r\n<li><span style=\"font-size: 14.4px;\">Las piezas pueden ser devueltas por servicio de paqueter\u00eda registrada SOLAMENTE. <\/span><\/li>\r\n<li><span style=\"font-size: 14.4px;\">El cambio se realizar\u00e1 inmediatamente despu\u00e9s de recibir la pieza en nuestras oficinas y de nuestra inspecci\u00f3n. <\/span><\/li>\r\n<li><span style=\"font-size: 14.4px;\">Para cualquier reparaci\u00f3n o cambio, ser\u00e1 esencial mostrar la factura de compra. <\/span><\/li>\r\n<li><span style=\"font-size: 14.4px;\">Las devoluciones son \u00fanicamente permitidas para ventas en mariabelenjewelry.com, siempre que sea por detalles de fabricaci\u00f3n; NO aceptamos devoluciones con reembolso, solo con cr\u00e9dito para ser usado dentro de mariabelenjewelry.com <\/span><\/li>\r\n<li><span style=\"font-size: 14.4px;\">En caso de que requiera hacer el cambio o devoluci\u00f3n de una pieza, deber\u00e1 de ponerse en contacto para recibir asesor\u00eda acerca de c\u00f3mo realizar el cambio a trav\u00e9s de <a href=\"mailto:ventas@mariabelenjewelry.com\">ventas@mariabelenjewelry.com<\/a><\/span><\/li>\r\n<\/ul>\r\n\r\n<p>&nbsp;<\/p>\r\n\r\n\r\n\r\n<p>&nbsp;<\/p>\r\n","protected":false},"excerpt":{"rendered":"<p>Env\u00edos Todas nuestras piezas son enviadas por paqueter\u00eda privada. Los pedidos se entregan en un plazo de 2-5 d\u00edas h\u00e1biles completos. Se consideran d\u00edas h\u00e1biles los d\u00edas laborables de lunes a viernes. El Env\u00edo Est\u00e1ndar es gratuito dentro de la Rep\u00fablica Mexicana. Para Mar\u00eda Bel\u00e9n Jewelry es prioritario que recibas tu pedido de manera segura [&#8230;]\n","protected":false},"author":1,"featured_media":0,"parent":0,"menu_order":0,"comment_status":"closed","ping_status":"closed","template":"","meta":{"footnotes":""},"class_list":["post-304","page","type-page","status-publish","hentry"],"_links":{"self":[{"href":"https:\/\/mariabelenjewelry.com\/es\/wp-json\/wp\/v2\/pages\/304","targetHints":{"allow":["GET"]}}],"collection":[{"href":"https:\/\/mariabelenjewelry.com\/es\/wp-json\/wp\/v2\/pages"}],"about":[{"href":"https:\/\/mariabelenjewelry.com\/es\/wp-json\/wp\/v2\/types\/page"}],"author":[{"embeddable":true,"href":"https:\/\/mariabelenjewelry.com\/es\/wp-json\/wp\/v2\/users\/1"}],"replies":[{"embeddable":true,"href":"https:\/\/mariabelenjewelry.com\/es\/wp-json\/wp\/v2\/comments?post=304"}],"version-history":[{"count":13,"href":"https:\/\/mariabelenjewelry.com\/es\/wp-json\/wp\/v2\/pages\/304\/revisions"}],"predecessor-version":[{"id":3909,"href":"https:\/\/mariabelenjewelry.com\/es\/wp-json\/wp\/v2\/pages\/304\/revisions\/3909"}],"wp:attachment":[{"href":"https:\/\/mariabelenjewelry.com\/es\/wp-json\/wp\/v2\/media?parent=304"}],"curies":[{"name":"wp","href":"https:\/\/api.w.org\/{rel}","templated":true}]}}