{"id":3832,"date":"2021-11-19T13:34:11","date_gmt":"2021-11-19T18:34:11","guid":{"rendered":"http:\/\/mariabelenjewelry.com\/quienes-somos-2\/"},"modified":"2023-08-11T20:02:45","modified_gmt":"2023-08-12T01:02:45","slug":"quienes-somos-2","status":"publish","type":"page","link":"https:\/\/mariabelenjewelry.com\/es\/quienes-somos-2\/","title":{"rendered":"About us"},"content":{"rendered":"<div class=\"container section-title-container\" ><h1 class=\"section-title section-title-normal\"><b aria-hidden=\"true\"><\/b><span class=\"section-title-main\" style=\"font-size:82%;\">Qui\u00e9nes Somos<\/span><b aria-hidden=\"true\"><\/b><\/h1><\/div>\n<div class=\"row\"  id=\"row-474445973\">\n\n\t<div id=\"col-614513417\" class=\"col medium-4 small-12 large-4\"  >\n\t\t\t\t<div class=\"col-inner\"  >\n\t\t\t\n\t\t\t\n<div>\u00a0<\/div>\n<div>Mar\u00eda Bel\u00e9n Jewelry es una empresa que se caracteriza por el amor al dise\u00f1o de joyer\u00eda en plata.<\/div>\n<div>\u00a0<\/div>\n<div>Reflej\u00e1ndose en cada una de nuestras joyas, realizadas por las manos de nuestros maestros plateros, quienes materializan todos nuestros dise\u00f1os creados pensando en ti.<\/div>\n<div>\u00a0<\/div>\n<div>Utilizamos t\u00e9cnicas y procesos artesanales, haciendo que cada pieza sea \u00fanica e irrepetible.<\/div>\n<div>\u00a0<\/div>\n<div>Nuestra empresa nace en Taxco, Guerrero, M\u00e9xico, la cuna de la joyer\u00eda artesanal en M\u00e9xico, como un negocio familiar, hace 24 a\u00f1os.<\/div>\n\t\t<\/div>\n\t\t\t\t\t<\/div>\n\n\t\n\n\t<div id=\"col-2006409810\" class=\"col medium-8 small-12 large-8\"  >\n\t\t\t\t<div class=\"col-inner\"  >\n\t\t\t\n\t\t\t\n\t<div class=\"img has-hover x md-x lg-x y md-y lg-y\" id=\"image_2139545903\">\n\t\t\t\t\t\t\t\t<div class=\"img-inner dark\" >\n\t\t\t<img loading=\"lazy\" decoding=\"async\" width=\"1020\" height=\"691\" src=\"https:\/\/mariabelenjewelry.com\/wp-content\/uploads\/2023\/06\/Joyeria-Maria-Belen-SMA-2018-X-1181x800.jpg\" class=\"attachment-large size-large\" alt=\"Mar\u00eda Bel\u00e9n Nilson displaying a sign with the logo of the store located in San Miguel de Allende\" srcset=\"https:\/\/mariabelenjewelry.com\/wp-content\/uploads\/2023\/06\/Joyeria-Maria-Belen-SMA-2018-X-1181x800.jpg 1181w, https:\/\/mariabelenjewelry.com\/wp-content\/uploads\/2023\/06\/Joyeria-Maria-Belen-SMA-2018-X-591x400.jpg 591w, https:\/\/mariabelenjewelry.com\/wp-content\/uploads\/2023\/06\/Joyeria-Maria-Belen-SMA-2018-X-768x520.jpg 768w, https:\/\/mariabelenjewelry.com\/wp-content\/uploads\/2023\/06\/Joyeria-Maria-Belen-SMA-2018-X-510x345.jpg 510w, https:\/\/mariabelenjewelry.com\/wp-content\/uploads\/2023\/06\/Joyeria-Maria-Belen-SMA-2018-X.jpg 1360w\" sizes=\"auto, (max-width: 1020px) 100vw, 1020px\" \/>\t\t\t\t\t\t\n\t\t\t\t\t<\/div>\n\t\t\t\t\t\t\t\t\n<style>\n#image_2139545903 {\n  width: 100%;\n}\n<\/style>\n\t<\/div>\n\t\n\t\t<\/div>\n\t\t\t\t\t<\/div>\n\n\t\n<\/div>\n<p>Pensamos en nuestra marca como un \u00e1rbol que surge con el amor al dise\u00f1o que es nuestra semilla, la herencia artesanal que nos permite crear nuestras joyas es nuestra ra\u00edz, la creatividad que nos da la visi\u00f3n para llevar a cabo cada creaci\u00f3n es nuestro tronco, nuestro equipo conforma nuestras ramas, y finalmente nuestras joyas son las hojas y los frutos de este hermoso \u00e1rbol que cuidamos y mantenemos rebosante de vida desde hace 24 a\u00f1os.<\/p>\n<h3 class=\"p1\">UN MENSAJE DE LA FUNDADORA, DIRECTORA Y DISE\u00d1ADORA DE MAR\u00cdA BEL\u00c9N JEWELRY<\/h3>\n<div>\n<p class=\"p1\">Dise\u00f1o, pasi\u00f3n, emoci\u00f3n y sentimiento, se despiertan dentro de m\u00ed cuando pienso en M\u00e9xico y la plata. El rico tapiz que es M\u00e9xico y su gente y su cultura inspiran mis dise\u00f1os. Mi deseo es que cada persona que use la joyer\u00eda que dise\u00f1amos y producimos, sienta esa conexi\u00f3n con este magn\u00edfico pa\u00eds, su gente y sus bellas tradiciones.<\/p>\n<p>Nuestras herramientas son la plata y piedras nativas, los mismos materiales que han inspirado y han sido usadas por generaciones de ind\u00edgenas en M\u00e9xico.<\/p>\n<\/div>\n<div class=\"row\"  id=\"row-732809109\">\n\n\t<div id=\"col-203771180\" class=\"col medium-5 small-12 large-5\"  >\n\t\t\t\t<div class=\"col-inner\"  >\n\t\t\t\n\t\t\t\n\t<div class=\"img has-hover x md-x lg-x y md-y lg-y\" id=\"image_1975246996\">\n\t\t\t\t\t\t\t\t<div class=\"img-inner dark\" >\n\t\t\t<img loading=\"lazy\" decoding=\"async\" width=\"533\" height=\"800\" src=\"https:\/\/mariabelenjewelry.com\/wp-content\/uploads\/2020\/08\/1-Quienes-somos-maria-belen-jewelry-533x800.jpg\" class=\"attachment-large size-large\" alt=\"\" srcset=\"https:\/\/mariabelenjewelry.com\/wp-content\/uploads\/2020\/08\/1-Quienes-somos-maria-belen-jewelry-533x800.jpg 533w, https:\/\/mariabelenjewelry.com\/wp-content\/uploads\/2020\/08\/1-Quienes-somos-maria-belen-jewelry-510x765.jpg 510w, https:\/\/mariabelenjewelry.com\/wp-content\/uploads\/2020\/08\/1-Quienes-somos-maria-belen-jewelry-267x400.jpg 267w, https:\/\/mariabelenjewelry.com\/wp-content\/uploads\/2020\/08\/1-Quienes-somos-maria-belen-jewelry-768x1152.jpg 768w, https:\/\/mariabelenjewelry.com\/wp-content\/uploads\/2020\/08\/1-Quienes-somos-maria-belen-jewelry-1024x1536.jpg 1024w, https:\/\/mariabelenjewelry.com\/wp-content\/uploads\/2020\/08\/1-Quienes-somos-maria-belen-jewelry-1365x2048.jpg 1365w, https:\/\/mariabelenjewelry.com\/wp-content\/uploads\/2020\/08\/1-Quienes-somos-maria-belen-jewelry.jpg 924w\" sizes=\"auto, (max-width: 533px) 100vw, 533px\" \/>\t\t\t\t\t\t\n\t\t\t\t\t<\/div>\n\t\t\t\t\t\t\t\t\n<style>\n#image_1975246996 {\n  width: 100%;\n}\n<\/style>\n\t<\/div>\n\t\n\t\t<\/div>\n\t\t\t\t\t<\/div>\n\n\t\n\n\t<div id=\"col-1209255456\" class=\"col medium-7 small-12 large-7\"  >\n\t\t\t\t<div class=\"col-inner\"  >\n\t\t\t\n\t\t\t\n<div>Lo que diferencia a Mar\u00eda Bel\u00e9n Jewelry de otras compa\u00f1\u00edas es que seguimos enfocados en la calidad y el factor humano, actualmente cada vez se busca m\u00e1s el utilizar t\u00e9cnicas y procesos de producci\u00f3n industrial, nosotros seguimos enfocados en mantener el esp\u00edritu humano en nuestra producci\u00f3n, son las manos talentosas de los plateros quienes hacen posible todos mis dise\u00f1os. Realmente creemos en el valor de este maravilloso trabajo artesanal. El apoyo a este arte es nuestra responsabilidad si deseamos preservarlo. Las joyas brillan a trav\u00e9s de este \u00abtoque humano\u00bb convirti\u00e9ndose en patrimonio y transfiriendo sensaciones profundas que llegan a tocar esp\u00edritus y corazones.<\/div>\n<div>\u00a0<\/div>\n<div>He centrado las colecciones en diversos temas teniendo algunos ejes como; M\u00e9xico, textura y pureza, que para m\u00ed han llegado a representar mi autoexpresi\u00f3n, mi esp\u00edritu, mi identidad.<\/div>\n<div>\u00a0<\/div>\n<div>El componente humano debe estar presente en todos los procesos de fabricaci\u00f3n, desde el m\u00e1s mundano hasta el m\u00e1s exigente. Nunca olvidamos valorar todos los aspectos de producci\u00f3n y fabricaci\u00f3n que todas nuestras colecciones requieren para mantener nuestro exigente control de calidad y acabado, por lo que Mar\u00eda Bel\u00e9n Jewelry siempre ha sido conocida.<\/div>\n<div>\u00a0<\/div>\n<div>Te invitamos a conocer todos los hermosos dise\u00f1os que hemos realizado con tanto amor para ti, orgullosamente hecho en M\u00e9xico para todo el mundo y todos los corazones.<\/div>\n<div>\u00a0<\/div>\n<div>No dudes en comunicarte, estaremos felices de atenderte.<\/div>\n\t\t<\/div>\n\t\t\t\t\t<\/div>\n\n\t\n<\/div>\n","protected":false},"excerpt":{"rendered":"<p>Pensamos en nuestra marca como un \u00e1rbol que surge con el amor al dise\u00f1o que es nuestra semilla, la herencia artesanal que nos permite crear nuestras joyas es nuestra ra\u00edz, la creatividad que nos da la visi\u00f3n para llevar a cabo cada creaci\u00f3n es nuestro tronco, nuestro equipo conforma nuestras ramas, y finalmente nuestras joyas [&#8230;]\n","protected":false},"author":1,"featured_media":3771,"parent":0,"menu_order":0,"comment_status":"closed","ping_status":"closed","template":"","meta":{"footnotes":""},"class_list":["post-3832","page","type-page","status-publish","has-post-thumbnail","hentry"],"_links":{"self":[{"href":"https:\/\/mariabelenjewelry.com\/es\/wp-json\/wp\/v2\/pages\/3832","targetHints":{"allow":["GET"]}}],"collection":[{"href":"https:\/\/mariabelenjewelry.com\/es\/wp-json\/wp\/v2\/pages"}],"about":[{"href":"https:\/\/mariabelenjewelry.com\/es\/wp-json\/wp\/v2\/types\/page"}],"author":[{"embeddable":true,"href":"https:\/\/mariabelenjewelry.com\/es\/wp-json\/wp\/v2\/users\/1"}],"replies":[{"embeddable":true,"href":"https:\/\/mariabelenjewelry.com\/es\/wp-json\/wp\/v2\/comments?post=3832"}],"version-history":[{"count":27,"href":"https:\/\/mariabelenjewelry.com\/es\/wp-json\/wp\/v2\/pages\/3832\/revisions"}],"predecessor-version":[{"id":4083,"href":"https:\/\/mariabelenjewelry.com\/es\/wp-json\/wp\/v2\/pages\/3832\/revisions\/4083"}],"wp:featuredmedia":[{"embeddable":true,"href":"https:\/\/mariabelenjewelry.com\/es\/wp-json\/wp\/v2\/media\/3771"}],"wp:attachment":[{"href":"https:\/\/mariabelenjewelry.com\/es\/wp-json\/wp\/v2\/media?parent=3832"}],"curies":[{"name":"wp","href":"https:\/\/api.w.org\/{rel}","templated":true}]}}