{"id":3843,"date":"2023-06-27T21:33:34","date_gmt":"2023-06-28T02:33:34","guid":{"rendered":"http:\/\/mariabelenjewelry.com\/?page_id=3843"},"modified":"2023-07-17T14:32:20","modified_gmt":"2023-07-17T19:32:20","slug":"mantenimiento-de-tus-joyas","status":"publish","type":"page","link":"https:\/\/mariabelenjewelry.com\/es\/mantenimiento-de-tus-joyas\/","title":{"rendered":"Mantenimiento de tus Joyas"},"content":{"rendered":"<h1 class=\"p1\">\n<div class=\"container section-title-container\" ><h3 class=\"section-title section-title-normal\"><b aria-hidden=\"true\"><\/b><span class=\"section-title-main\" >Mantenimiento de tus Joyas<\/span><b aria-hidden=\"true\"><\/b><\/h3><\/div>\n<p>Cada colecci\u00f3n de Mar\u00eda Bel\u00e9n Joyer\u00eda tiene recomendaciones \u00fanicas para mantenimiento de la pieza, a continuaci\u00f3n explicamos detalladamente para cada una y recuerda que ante cualquier duda puedes escribirnos a trav\u00e9s de <a href=\"mailto:info@mariabelenjewelry.com\">info@mariabelenjewelry.com<\/a> o en nuestras redes sociales.<\/p>\n<h2><a href=\"http:\/\/mariabelenjewelry.com\/categoria-producto\/colecciones\/texturas\/\">Colecci\u00f3n Texturas<\/a><\/h2>\n<p class=\"p1\">Esta bella colecci\u00f3n es fuerte y resistente, la plata que utilizamos est\u00e1 certificada por el consejo regulador de la plata de Taxco, aun as\u00ed existen diferentes factores que pueden alterar el color de la pieza, como el polvo, el perfume, el cigarro as\u00ed como el<span class=\"Apple-converted-space\"> p<\/span>H de las personas que suele variar por diferentes aspectos. Todos estos factores algunas veces hacen que la plata se torne en tonos amarillos, para eliminar estas manchas naturales recomendamos dos opciones:<\/p>\n<p class=\"p1\">1-Carbonato en polvo seco sin agregar agua, y tallar con un cepillo dental, no enjuagar.<\/p>\n<p class=\"p1\">2-Utilizar un l\u00edquido especial llamado *mettal clean, se agrega el l\u00edquido a un recipiente y se sumerge la pieza por 5 minutos aproximadamente, despu\u00e9s de esto, enjuagar con abundante agua.<\/p>\n<h2><a href=\"http:\/\/mariabelenjewelry.com\/categoria-producto\/colecciones\/espejo\/\">Colecci\u00f3n Espejo<\/a><\/h2>\n<p class=\"p1\">La colecci\u00f3n espejo es caracterizada por su pulido brillante, para mantener este brillo ha de ser limpiada constante, para su limpieza recomendamos utilizar un producto llamado *<a href=\"https:\/\/es.wikipedia.org\/wiki\/Brasso\" rel=\"nofollow noopener\" target=\"_blank\">Brasso<\/a>, especial para limpiar, brillar y proteger metales, usar una manta o algod\u00f3n para untar y limpiar la pieza. Recomendamos tener una franela exclusiva para la limpieza de su joyer\u00eda.<\/p>\n<h2><a href=\"http:\/\/mariabelenjewelry.com\/categoria-producto\/colecciones\/tribal\/\">Colecci\u00f3n Tribal<\/a><\/h2>\n<p class=\"p1\">La colecci\u00f3n tribal se caracteriza por estar compuesta de brillo y contrastes, para mantener las piezas de esta colecci\u00f3n en perfecto estado recomendamos utilizar un producto llamado *<a href=\"https:\/\/es.wikipedia.org\/wiki\/Brasso\" target=\"_blank\" rel=\"nofollow noopener\">Brasso<\/a>, especial para limpiar, brillar y proteger metales, usar una manta o algod\u00f3n para untar y limpiar la pieza. Recomendamos tener una franela exclusiva para la limpieza de su joyer\u00eda.<\/p>\n<h2><a href=\"http:\/\/mariabelenjewelry.com\/categoria-producto\/colecciones\/el-poder-de-las-palabras\/\">Colecci\u00f3n El Poder De Las Palabras<\/a><\/h2>\n<p class=\"p1\">Esta colecci\u00f3n es caracterizada por su brillo y calado, para mantener este brillo ha de ser limpiada constante, para su limpieza recomendamos utilizas un producto llamado *<a href=\"https:\/\/es.wikipedia.org\/wiki\/Brasso\" rel=\"nofollow noopener\" target=\"_blank\">Brasso<\/a>, especial para limpiar, brillar y proteger metales, usar una manta o algod\u00f3n para untar y limpiar la pieza. Recomendamos tener una franela exclusiva para la limpieza de su joyer\u00eda.<\/p>\n<h2><a href=\"http:\/\/mariabelenjewelry.com\/categoria-producto\/colecciones\/mexico-corazones-colecciones\/\">Colecci\u00f3n M\u00e9xico Coraz\u00f3n<\/a><\/h2>\n<p class=\"p1\">Esta colecci\u00f3n tiene variantes brillantes y oxidadas, para la variante brillante recomendamos utilizar un producto llamado *<a href=\"https:\/\/es.wikipedia.org\/wiki\/Brasso\" rel=\"nofollow noopener\" target=\"_blank\">Brasso<\/a>, especial para limpiar, brillar y proteger metales, usar una manta o algod\u00f3n para untar y limpiar la pieza. Recomendamos tener una franela exclusiva para la limpieza de su joyer\u00eda. Las variantes oxidadas con una simple franela sin ning\u00fan liquido pueden ser limpiadas y cuidadas.<\/p>\n<h2><a href=\"http:\/\/mariabelenjewelry.com\/categoria-producto\/colecciones\/mexico-magico\/\">Colecci\u00f3n M\u00e9xico M\u00e1gico<\/a><\/h2>\n<p class=\"p1\">Esta colecci\u00f3n es caracterizada por su gran cantidad de detalles y formas, para mantener, para su limpieza recomendamos utilizar un producto llamado *<a href=\"https:\/\/es.wikipedia.org\/wiki\/Brasso\" target=\"_blank\" rel=\"nofollow noopener\">Brasso<\/a>, especial para limpiar, brillar y proteger metales, usar una manta o algod\u00f3n para untar y limpiar la pieza. Recomendamos tener una franela exclusiva para la limpieza de su joyer\u00eda.<\/p>\n","protected":false},"excerpt":{"rendered":"<p>Cada colecci\u00f3n de Mar\u00eda Bel\u00e9n Joyer\u00eda tiene recomendaciones \u00fanicas para mantenimiento de la pieza, a continuaci\u00f3n explicamos detalladamente para cada una y recuerda que ante cualquier duda puedes escribirnos a trav\u00e9s de info@mariabelenjewelry.com o en nuestras redes sociales. Colecci\u00f3n Texturas Esta bella colecci\u00f3n es fuerte y resistente, la plata que utilizamos est\u00e1 certificada por el [&#8230;]\n","protected":false},"author":350,"featured_media":0,"parent":0,"menu_order":0,"comment_status":"closed","ping_status":"closed","template":"","meta":{"footnotes":""},"class_list":["post-3843","page","type-page","status-publish","hentry"],"_links":{"self":[{"href":"https:\/\/mariabelenjewelry.com\/es\/wp-json\/wp\/v2\/pages\/3843","targetHints":{"allow":["GET"]}}],"collection":[{"href":"https:\/\/mariabelenjewelry.com\/es\/wp-json\/wp\/v2\/pages"}],"about":[{"href":"https:\/\/mariabelenjewelry.com\/es\/wp-json\/wp\/v2\/types\/page"}],"author":[{"embeddable":true,"href":"https:\/\/mariabelenjewelry.com\/es\/wp-json\/wp\/v2\/users\/350"}],"replies":[{"embeddable":true,"href":"https:\/\/mariabelenjewelry.com\/es\/wp-json\/wp\/v2\/comments?post=3843"}],"version-history":[{"count":8,"href":"https:\/\/mariabelenjewelry.com\/es\/wp-json\/wp\/v2\/pages\/3843\/revisions"}],"predecessor-version":[{"id":4044,"href":"https:\/\/mariabelenjewelry.com\/es\/wp-json\/wp\/v2\/pages\/3843\/revisions\/4044"}],"wp:attachment":[{"href":"https:\/\/mariabelenjewelry.com\/es\/wp-json\/wp\/v2\/media?parent=3843"}],"curies":[{"name":"wp","href":"https:\/\/api.w.org\/{rel}","templated":true}]}}