{"id":1482,"date":"2021-02-04T14:14:48","date_gmt":"2021-02-04T19:14:48","guid":{"rendered":"http:\/\/mariabelenjewelry.com\/?post_type=product&#038;p=1482"},"modified":"2026-01-31T14:06:52","modified_gmt":"2026-01-31T19:06:52","slug":"arete-espejo-dona","status":"publish","type":"product","link":"https:\/\/mariabelenjewelry.com\/es\/producto\/arete-espejo-dona\/","title":{"rendered":"Arete Espejo Dona"},"content":{"rendered":"","protected":false},"excerpt":{"rendered":"<p>Arete de la Colecci\u00f3n Espejo de Mar\u00eda Bel\u00e9n Jewelry, elaborado en Plata .925, t\u00e9cnica troquelado, acabado brillante. Hecho a mano en M\u00e9xico, de manera artesanal.<\/p>\n<p>Para mantener el cuidado de esta pieza recomendamos, limpiar con una franela, evitar el contacto directo con perfumes, cremas, lociones, cosm\u00e9ticos y soluciones salinas.<\/p>\n","protected":false},"featured_media":1488,"comment_status":"open","ping_status":"closed","template":"","meta":[],"product_brand":[],"product_cat":[71,77],"product_tag":[85,83,82,86,91,89,88,87,90],"class_list":{"0":"post-1482","1":"product","2":"type-product","3":"status-publish","4":"has-post-thumbnail","6":"product_cat-espejo","7":"product_cat-aretes","8":"product_tag-ajewelforlife","9":"product_tag-hechoamano","10":"product_tag-hechoenmexico","11":"product_tag-mariabelenjewelry","12":"product_tag-platamexicana","13":"product_tag-realizamosenvios","14":"product_tag-shoponline","15":"product_tag-silverjewelry","16":"product_tag-thebestgift","18":"first","19":"instock","20":"taxable","21":"shipping-taxable","22":"purchasable","23":"product-type-simple"},"_links":{"self":[{"href":"https:\/\/mariabelenjewelry.com\/es\/wp-json\/wp\/v2\/product\/1482","targetHints":{"allow":["GET"]}}],"collection":[{"href":"https:\/\/mariabelenjewelry.com\/es\/wp-json\/wp\/v2\/product"}],"about":[{"href":"https:\/\/mariabelenjewelry.com\/es\/wp-json\/wp\/v2\/types\/product"}],"replies":[{"embeddable":true,"href":"https:\/\/mariabelenjewelry.com\/es\/wp-json\/wp\/v2\/comments?post=1482"}],"wp:featuredmedia":[{"embeddable":true,"href":"https:\/\/mariabelenjewelry.com\/es\/wp-json\/wp\/v2\/media\/1488"}],"wp:attachment":[{"href":"https:\/\/mariabelenjewelry.com\/es\/wp-json\/wp\/v2\/media?parent=1482"}],"wp:term":[{"taxonomy":"product_brand","embeddable":true,"href":"https:\/\/mariabelenjewelry.com\/es\/wp-json\/wp\/v2\/product_brand?post=1482"},{"taxonomy":"product_cat","embeddable":true,"href":"https:\/\/mariabelenjewelry.com\/es\/wp-json\/wp\/v2\/product_cat?post=1482"},{"taxonomy":"product_tag","embeddable":true,"href":"https:\/\/mariabelenjewelry.com\/es\/wp-json\/wp\/v2\/product_tag?post=1482"}],"curies":[{"name":"wp","href":"https:\/\/api.w.org\/{rel}","templated":true}]}}