{"id":1537,"date":"2021-05-20T13:14:04","date_gmt":"2021-05-20T18:14:04","guid":{"rendered":"http:\/\/mariabelenjewelry.com\/?post_type=product&#038;p=1537"},"modified":"2026-01-31T14:05:35","modified_gmt":"2026-01-31T19:05:35","slug":"aretes-corazon-gitano","status":"publish","type":"product","link":"https:\/\/mariabelenjewelry.com\/es\/producto\/aretes-corazon-gitano\/","title":{"rendered":"Aretes Coraz\u00f3n Gitano"},"content":{"rendered":"","protected":false},"excerpt":{"rendered":"<p><span dir=\"auto\" style=\"vertical-align: inherit;\"><span dir=\"auto\" style=\"vertical-align: inherit;\">Aretes Coraz\u00f3n Gitano de la Colecci\u00f3n M\u00e9xico coraz\u00f3n de Mar\u00eda Bel\u00e9n Jewelry, elaborado en Plata .925, t\u00e9cnica troquelado y cincelado, acabado \u00f3xido mate. Hecho a mano en M\u00e9xico, de manera artesanal.<\/span><\/span><\/p>\n<p><span dir=\"auto\" style=\"vertical-align: inherit;\"><span dir=\"auto\" style=\"vertical-align: inherit;\">\u00bfCu\u00e1ntos corazones puedes ver dentro de este dise\u00f1o? Los aretes coraz\u00f3n gitano son id\u00f3neos para quienes gustan del movimiento, caminar con ellos es toda una experiencia, fueron inspirados en la energ\u00eda vibrante y danzante de los antiguos gitanos, tan expresivos, atrevidos y creativos. Estos aretes no pueden faltar en tus posibilidades de joyer\u00eda, dar\u00e1n un giro completo a cualquier outfit que escojas, eso te lo podemos asegurar.<\/span><\/span><\/p>\n<p><span dir=\"auto\" style=\"vertical-align: inherit;\"><span dir=\"auto\" style=\"vertical-align: inherit;\">Para mantener el cuidado de esta pieza recomendamos, limpiar con una franela, evitar el contacto directo con perfumes, cremas, lociones, cosm\u00e9ticos y soluciones salinas.<\/span><\/span><\/p>\n","protected":false},"featured_media":2951,"comment_status":"open","ping_status":"closed","template":"","meta":[],"product_brand":[],"product_cat":[77,122],"product_tag":[85,199,200,93,202,83,82,86,91,89,205,88,227,87,219,208,90],"class_list":{"0":"post-1537","1":"product","2":"type-product","3":"status-publish","4":"has-post-thumbnail","6":"product_cat-aretes","7":"product_cat-mexico-corazones-colecciones","8":"product_tag-ajewelforlife","9":"product_tag-aretes","10":"product_tag-aretescorazon","11":"product_tag-aretesdeplata","12":"product_tag-gift","13":"product_tag-hechoamano","14":"product_tag-hechoenmexico","15":"product_tag-mariabelenjewelry","16":"product_tag-platamexicana","17":"product_tag-realizamosenvios","18":"product_tag-regalo","19":"product_tag-shoponline","20":"product_tag-silverearrings","21":"product_tag-silverjewelry","22":"product_tag-sterlingsilver","23":"product_tag-taxcojewelry","24":"product_tag-thebestgift","26":"first","27":"instock","28":"taxable","29":"shipping-taxable","30":"purchasable","31":"product-type-simple"},"_links":{"self":[{"href":"https:\/\/mariabelenjewelry.com\/es\/wp-json\/wp\/v2\/product\/1537","targetHints":{"allow":["GET"]}}],"collection":[{"href":"https:\/\/mariabelenjewelry.com\/es\/wp-json\/wp\/v2\/product"}],"about":[{"href":"https:\/\/mariabelenjewelry.com\/es\/wp-json\/wp\/v2\/types\/product"}],"replies":[{"embeddable":true,"href":"https:\/\/mariabelenjewelry.com\/es\/wp-json\/wp\/v2\/comments?post=1537"}],"wp:featuredmedia":[{"embeddable":true,"href":"https:\/\/mariabelenjewelry.com\/es\/wp-json\/wp\/v2\/media\/2951"}],"wp:attachment":[{"href":"https:\/\/mariabelenjewelry.com\/es\/wp-json\/wp\/v2\/media?parent=1537"}],"wp:term":[{"taxonomy":"product_brand","embeddable":true,"href":"https:\/\/mariabelenjewelry.com\/es\/wp-json\/wp\/v2\/product_brand?post=1537"},{"taxonomy":"product_cat","embeddable":true,"href":"https:\/\/mariabelenjewelry.com\/es\/wp-json\/wp\/v2\/product_cat?post=1537"},{"taxonomy":"product_tag","embeddable":true,"href":"https:\/\/mariabelenjewelry.com\/es\/wp-json\/wp\/v2\/product_tag?post=1537"}],"curies":[{"name":"wp","href":"https:\/\/api.w.org\/{rel}","templated":true}]}}