{"id":1557,"date":"2021-05-20T16:32:36","date_gmt":"2021-05-20T21:32:36","guid":{"rendered":"http:\/\/mariabelenjewelry.com\/?post_type=product&#038;p=1557"},"modified":"2026-01-31T14:05:03","modified_gmt":"2026-01-31T19:05:03","slug":"aretes_corazon-intuitivo","status":"publish","type":"product","link":"https:\/\/mariabelenjewelry.com\/es\/producto\/aretes_corazon-intuitivo\/","title":{"rendered":"Aretes Coraz\u00f3n Intuitivo"},"content":{"rendered":"","protected":false},"excerpt":{"rendered":"<p><span dir=\"auto\" style=\"vertical-align: inherit;\"><span dir=\"auto\" style=\"vertical-align: inherit;\">Aretes de la Colecci\u00f3n M\u00e9xico Coraz\u00f3n de Mar\u00eda Bel\u00e9n Jewelry, elaborados en Plata .925, t\u00e9cnica troquelado, acabado oxidado mate. Hecho a mano en M\u00e9xico, de manera artesanal.<\/span><\/span><\/p>\n<p><span dir=\"auto\" style=\"vertical-align: inherit;\"><span dir=\"auto\" style=\"vertical-align: inherit;\">Bellos aretes ideales para el d\u00eda a d\u00eda. El c\u00edrculo y el coraz\u00f3n son s\u00edmbolos universales, figuras geom\u00e9tricas que nos han acompa\u00f1ado desde milenios, con las cuales nos comunicamos y dotamos de significado nuestro andar. Estos aretes son perfectos para la mujer so\u00f1adora, rom\u00e1nticos, fiel a s\u00ed misma, intuitiva y capaz de escuchar a su coraz\u00f3n. S\u00f3lo tienes que sentir con el coraz\u00f3n, todo es divino y es perfecto.<\/span><\/span><\/p>\n<p><span dir=\"auto\" style=\"vertical-align: inherit;\"><span dir=\"auto\" style=\"vertical-align: inherit;\">Para mantener el cuidado de esta pieza recomendamos, limpiar con una franela, evitar el contacto directo con perfumes, cremas, lociones, cosm\u00e9ticos y soluciones salinas.<\/span><\/span><\/p>\n","protected":false},"featured_media":2908,"comment_status":"open","ping_status":"closed","template":"","meta":[],"product_brand":[],"product_cat":[122,77],"product_tag":[85,204,199,200,93,202,207,83,82,206,203,86,91,89,205,88,201,87,208,90],"class_list":{"0":"post-1557","1":"product","2":"type-product","3":"status-publish","4":"has-post-thumbnail","6":"product_cat-mexico-corazones-colecciones","7":"product_cat-aretes","8":"product_tag-ajewelforlife","9":"product_tag-amor","10":"product_tag-aretes","11":"product_tag-aretescorazon","12":"product_tag-aretesdeplata","13":"product_tag-gift","14":"product_tag-hearterrings","15":"product_tag-hechoamano","16":"product_tag-hechoenmexico","17":"product_tag-joyasdeplata","18":"product_tag-love","19":"product_tag-mariabelenjewelry","20":"product_tag-platamexicana","21":"product_tag-realizamosenvios","22":"product_tag-regalo","23":"product_tag-shoponline","24":"product_tag-silvererrings","25":"product_tag-silverjewelry","26":"product_tag-taxcojewelry","27":"product_tag-thebestgift","29":"first","30":"instock","31":"taxable","32":"shipping-taxable","33":"purchasable","34":"product-type-simple"},"_links":{"self":[{"href":"https:\/\/mariabelenjewelry.com\/es\/wp-json\/wp\/v2\/product\/1557","targetHints":{"allow":["GET"]}}],"collection":[{"href":"https:\/\/mariabelenjewelry.com\/es\/wp-json\/wp\/v2\/product"}],"about":[{"href":"https:\/\/mariabelenjewelry.com\/es\/wp-json\/wp\/v2\/types\/product"}],"replies":[{"embeddable":true,"href":"https:\/\/mariabelenjewelry.com\/es\/wp-json\/wp\/v2\/comments?post=1557"}],"wp:featuredmedia":[{"embeddable":true,"href":"https:\/\/mariabelenjewelry.com\/es\/wp-json\/wp\/v2\/media\/2908"}],"wp:attachment":[{"href":"https:\/\/mariabelenjewelry.com\/es\/wp-json\/wp\/v2\/media?parent=1557"}],"wp:term":[{"taxonomy":"product_brand","embeddable":true,"href":"https:\/\/mariabelenjewelry.com\/es\/wp-json\/wp\/v2\/product_brand?post=1557"},{"taxonomy":"product_cat","embeddable":true,"href":"https:\/\/mariabelenjewelry.com\/es\/wp-json\/wp\/v2\/product_cat?post=1557"},{"taxonomy":"product_tag","embeddable":true,"href":"https:\/\/mariabelenjewelry.com\/es\/wp-json\/wp\/v2\/product_tag?post=1557"}],"curies":[{"name":"wp","href":"https:\/\/api.w.org\/{rel}","templated":true}]}}