{"id":1558,"date":"2021-05-20T17:07:06","date_gmt":"2021-05-20T22:07:06","guid":{"rendered":"http:\/\/mariabelenjewelry.com\/?post_type=product&#038;p=1558"},"modified":"2026-01-31T14:04:30","modified_gmt":"2026-01-31T19:04:30","slug":"aretes-corazon-amor-eterno","status":"publish","type":"product","link":"https:\/\/mariabelenjewelry.com\/es\/producto\/aretes-corazon-amor-eterno\/","title":{"rendered":"Aretes Coraz\u00f3n Amor Eterno"},"content":{"rendered":"","protected":false},"excerpt":{"rendered":"<p><span dir=\"auto\" style=\"vertical-align: inherit;\"><span dir=\"auto\" style=\"vertical-align: inherit;\">Aretes Coraz\u00f3n Amor Eterno de la Colecci\u00f3n M\u00e9xico coraz\u00f3n de Mar\u00eda Bel\u00e9n Jewelry, elaborado en Plata .925, t\u00e9cnica cincelado, acabado \u00f3xido mate. Hecho a mano en M\u00e9xico, de manera artesanal.<\/span><\/span><\/p>\n<p><span dir=\"auto\" style=\"vertical-align: inherit;\"><span dir=\"auto\" style=\"vertical-align: inherit;\">Este bello par de aretes simboliza el amor eterno, la dualidad que vive en todo, cuando los seres se encuentran, se miran a los ojos y danzan la bella coreograf\u00eda de la vida, alzan el vuelo en un bello presente y ah\u00ed nace el amor eterno, en la magia de un instante vive la eternidad.<\/span><\/span><\/p>\n<p><span dir=\"auto\" style=\"vertical-align: inherit;\"><span dir=\"auto\" style=\"vertical-align: inherit;\">Para mantener el cuidado de esta pieza recomendamos, limpiar con una franela, evitar el contacto directo con perfumes, cremas, lociones, cosm\u00e9ticos y soluciones salinas.<\/span><\/span><\/p>\n","protected":false},"featured_media":2904,"comment_status":"open","ping_status":"closed","template":"","meta":[],"product_brand":[],"product_cat":[122,77],"product_tag":[85,199,200,93,229,202,83,82,86,91,89,205,88,227,87,208,90],"class_list":{"0":"post-1558","1":"product","2":"type-product","3":"status-publish","4":"has-post-thumbnail","6":"product_cat-mexico-corazones-colecciones","7":"product_cat-aretes","8":"product_tag-ajewelforlife","9":"product_tag-aretes","10":"product_tag-aretescorazon","11":"product_tag-aretesdeplata","12":"product_tag-earrings-2","13":"product_tag-gift","14":"product_tag-hechoamano","15":"product_tag-hechoenmexico","16":"product_tag-mariabelenjewelry","17":"product_tag-platamexicana","18":"product_tag-realizamosenvios","19":"product_tag-regalo","20":"product_tag-shoponline","21":"product_tag-silverearrings","22":"product_tag-silverjewelry","23":"product_tag-taxcojewelry","24":"product_tag-thebestgift","26":"first","27":"instock","28":"taxable","29":"shipping-taxable","30":"purchasable","31":"product-type-simple"},"_links":{"self":[{"href":"https:\/\/mariabelenjewelry.com\/es\/wp-json\/wp\/v2\/product\/1558","targetHints":{"allow":["GET"]}}],"collection":[{"href":"https:\/\/mariabelenjewelry.com\/es\/wp-json\/wp\/v2\/product"}],"about":[{"href":"https:\/\/mariabelenjewelry.com\/es\/wp-json\/wp\/v2\/types\/product"}],"replies":[{"embeddable":true,"href":"https:\/\/mariabelenjewelry.com\/es\/wp-json\/wp\/v2\/comments?post=1558"}],"wp:featuredmedia":[{"embeddable":true,"href":"https:\/\/mariabelenjewelry.com\/es\/wp-json\/wp\/v2\/media\/2904"}],"wp:attachment":[{"href":"https:\/\/mariabelenjewelry.com\/es\/wp-json\/wp\/v2\/media?parent=1558"}],"wp:term":[{"taxonomy":"product_brand","embeddable":true,"href":"https:\/\/mariabelenjewelry.com\/es\/wp-json\/wp\/v2\/product_brand?post=1558"},{"taxonomy":"product_cat","embeddable":true,"href":"https:\/\/mariabelenjewelry.com\/es\/wp-json\/wp\/v2\/product_cat?post=1558"},{"taxonomy":"product_tag","embeddable":true,"href":"https:\/\/mariabelenjewelry.com\/es\/wp-json\/wp\/v2\/product_tag?post=1558"}],"curies":[{"name":"wp","href":"https:\/\/api.w.org\/{rel}","templated":true}]}}