{"id":1562,"date":"2021-05-20T17:37:09","date_gmt":"2021-05-20T22:37:09","guid":{"rendered":"http:\/\/mariabelenjewelry.com\/?post_type=product&#038;p=1562"},"modified":"2026-01-31T14:01:34","modified_gmt":"2026-01-31T19:01:34","slug":"aretes-corazon-decreto","status":"publish","type":"product","link":"https:\/\/mariabelenjewelry.com\/es\/producto\/aretes-corazon-decreto\/","title":{"rendered":"Aretes Coraz\u00f3n Decreto"},"content":{"rendered":"","protected":false},"excerpt":{"rendered":"<p><span dir=\"auto\" style=\"vertical-align: inherit;\"><span dir=\"auto\" style=\"vertical-align: inherit;\">Aretes Coraz\u00f3n Decreto de la Colecci\u00f3n M\u00e9xico Coraz\u00f3n de Mar\u00eda Bel\u00e9n Jewelry, elaborado en Plata .925, t\u00e9cnica cincelado y calado, acabado oxidado mate. Hecho a mano en M\u00e9xico, de manera artesanal.<\/span><\/span><\/p>\n<p><span dir=\"auto\" style=\"vertical-align: inherit;\"><span dir=\"auto\" style=\"vertical-align: inherit;\">Cuando hay certeza, todo lo divino se manifiesta. Este bello par de aretes est\u00e1 compuesto por la flor naciente que da semillas al amor, el amor a tu pareja, el amor propio, el amor a la familia, el amor a un proyecto, el amor a la vida. Ese amor se representa por dos aves en un encuentro, bailando y volando sobre un fuego que nace del coraz\u00f3n y la certeza de la visi\u00f3n, anudando al centro, dentro del coraz\u00f3n el decreto del acuerdo, como una alianza, una promesa. Este dise\u00f1o funciona perfecto para el d\u00eda a d\u00eda, as\u00ed como para ocasiones especiales.<\/span><\/span><\/p>\n<p><span dir=\"auto\" style=\"vertical-align: inherit;\"><span dir=\"auto\" style=\"vertical-align: inherit;\">Para mantener el cuidado de esta pieza recomendamos, limpiar con una franela, evitar el contacto directo con perfumes, cremas, lociones, cosm\u00e9ticos y soluciones salinas.<\/span><\/span><\/p>\n","protected":false},"featured_media":2890,"comment_status":"open","ping_status":"closed","template":"","meta":[],"product_brand":[],"product_cat":[122,77],"product_tag":[85,199,200,93,202,83,82,86,91,89,205,88,87,219,90],"class_list":{"0":"post-1562","1":"product","2":"type-product","3":"status-publish","4":"has-post-thumbnail","6":"product_cat-mexico-corazones-colecciones","7":"product_cat-aretes","8":"product_tag-ajewelforlife","9":"product_tag-aretes","10":"product_tag-aretescorazon","11":"product_tag-aretesdeplata","12":"product_tag-gift","13":"product_tag-hechoamano","14":"product_tag-hechoenmexico","15":"product_tag-mariabelenjewelry","16":"product_tag-platamexicana","17":"product_tag-realizamosenvios","18":"product_tag-regalo","19":"product_tag-shoponline","20":"product_tag-silverjewelry","21":"product_tag-sterlingsilver","22":"product_tag-thebestgift","24":"first","25":"instock","26":"taxable","27":"shipping-taxable","28":"purchasable","29":"product-type-simple"},"_links":{"self":[{"href":"https:\/\/mariabelenjewelry.com\/es\/wp-json\/wp\/v2\/product\/1562","targetHints":{"allow":["GET"]}}],"collection":[{"href":"https:\/\/mariabelenjewelry.com\/es\/wp-json\/wp\/v2\/product"}],"about":[{"href":"https:\/\/mariabelenjewelry.com\/es\/wp-json\/wp\/v2\/types\/product"}],"replies":[{"embeddable":true,"href":"https:\/\/mariabelenjewelry.com\/es\/wp-json\/wp\/v2\/comments?post=1562"}],"wp:featuredmedia":[{"embeddable":true,"href":"https:\/\/mariabelenjewelry.com\/es\/wp-json\/wp\/v2\/media\/2890"}],"wp:attachment":[{"href":"https:\/\/mariabelenjewelry.com\/es\/wp-json\/wp\/v2\/media?parent=1562"}],"wp:term":[{"taxonomy":"product_brand","embeddable":true,"href":"https:\/\/mariabelenjewelry.com\/es\/wp-json\/wp\/v2\/product_brand?post=1562"},{"taxonomy":"product_cat","embeddable":true,"href":"https:\/\/mariabelenjewelry.com\/es\/wp-json\/wp\/v2\/product_cat?post=1562"},{"taxonomy":"product_tag","embeddable":true,"href":"https:\/\/mariabelenjewelry.com\/es\/wp-json\/wp\/v2\/product_tag?post=1562"}],"curies":[{"name":"wp","href":"https:\/\/api.w.org\/{rel}","templated":true}]}}