{"id":1563,"date":"2021-05-20T17:50:35","date_gmt":"2021-05-20T22:50:35","guid":{"rendered":"http:\/\/mariabelenjewelry.com\/?post_type=product&#038;p=1563"},"modified":"2026-01-31T14:01:10","modified_gmt":"2026-01-31T19:01:10","slug":"aretes-corazon-la-vision-del-amor","status":"publish","type":"product","link":"https:\/\/mariabelenjewelry.com\/es\/producto\/aretes-corazon-la-vision-del-amor\/","title":{"rendered":"Aretes Coraz\u00f3n La Visi\u00f3n Del Amor"},"content":{"rendered":"","protected":false},"excerpt":{"rendered":"<p><span dir=\"auto\" style=\"vertical-align: inherit;\"><span dir=\"auto\" style=\"vertical-align: inherit;\">Arete de la Colecci\u00f3n M\u00e9xico coraz\u00f3n de Mar\u00eda Bel\u00e9n Jewelry, elaborado en Plata .925, t\u00e9cnica cincelado, acabado \u00f3xido mate. Hecho a mano en M\u00e9xico, de manera artesanal.<\/span><\/span><\/p>\n<p><span dir=\"auto\" style=\"vertical-align: inherit;\"><span dir=\"auto\" style=\"vertical-align: inherit;\">Siempre que el amor mueve nuestra vida, la magia suscita a cada paso, y este bello par de aretes nos lo recuerda con sus s\u00edmbolos y paleta de colores. Del coraz\u00f3n resplandeciente en cobre nace la visi\u00f3n que se levanta como una gran hoguera hasta llegar al cielo. Las aves representan el acuerdo, la sincron\u00eda que acompa\u00f1arte te\u00e1n envolvi\u00e9ndote en la m\u00e1gica visi\u00f3n del amor.<\/span><\/span><\/p>\n<p><span dir=\"auto\" style=\"vertical-align: inherit;\"><span dir=\"auto\" style=\"vertical-align: inherit;\">Son un must en tu colecci\u00f3n de joyas, siempre te sacar\u00e1n de apuros cuando no sabes qu\u00e9 ponerte, d\u00e1ndote un toque chic y elegante.<\/span><\/span><\/p>\n<p><span dir=\"auto\" style=\"vertical-align: inherit;\"><span dir=\"auto\" style=\"vertical-align: inherit;\">Para mantener el cuidado de esta pieza recomendamos, limpiar con una franela, evitar el contacto directo con perfumes, cremas, lociones, cosm\u00e9ticos y soluciones salinas.<\/span><\/span><\/p>\n","protected":false},"featured_media":2885,"comment_status":"open","ping_status":"closed","template":"","meta":[],"product_brand":[],"product_cat":[122,77],"product_tag":[85,83,82,86,91,89,88,87,90],"class_list":{"0":"post-1563","1":"product","2":"type-product","3":"status-publish","4":"has-post-thumbnail","6":"product_cat-mexico-corazones-colecciones","7":"product_cat-aretes","8":"product_tag-ajewelforlife","9":"product_tag-hechoamano","10":"product_tag-hechoenmexico","11":"product_tag-mariabelenjewelry","12":"product_tag-platamexicana","13":"product_tag-realizamosenvios","14":"product_tag-shoponline","15":"product_tag-silverjewelry","16":"product_tag-thebestgift","18":"first","19":"instock","20":"taxable","21":"shipping-taxable","22":"purchasable","23":"product-type-simple"},"_links":{"self":[{"href":"https:\/\/mariabelenjewelry.com\/es\/wp-json\/wp\/v2\/product\/1563","targetHints":{"allow":["GET"]}}],"collection":[{"href":"https:\/\/mariabelenjewelry.com\/es\/wp-json\/wp\/v2\/product"}],"about":[{"href":"https:\/\/mariabelenjewelry.com\/es\/wp-json\/wp\/v2\/types\/product"}],"replies":[{"embeddable":true,"href":"https:\/\/mariabelenjewelry.com\/es\/wp-json\/wp\/v2\/comments?post=1563"}],"wp:featuredmedia":[{"embeddable":true,"href":"https:\/\/mariabelenjewelry.com\/es\/wp-json\/wp\/v2\/media\/2885"}],"wp:attachment":[{"href":"https:\/\/mariabelenjewelry.com\/es\/wp-json\/wp\/v2\/media?parent=1563"}],"wp:term":[{"taxonomy":"product_brand","embeddable":true,"href":"https:\/\/mariabelenjewelry.com\/es\/wp-json\/wp\/v2\/product_brand?post=1563"},{"taxonomy":"product_cat","embeddable":true,"href":"https:\/\/mariabelenjewelry.com\/es\/wp-json\/wp\/v2\/product_cat?post=1563"},{"taxonomy":"product_tag","embeddable":true,"href":"https:\/\/mariabelenjewelry.com\/es\/wp-json\/wp\/v2\/product_tag?post=1563"}],"curies":[{"name":"wp","href":"https:\/\/api.w.org\/{rel}","templated":true}]}}