{"id":1565,"date":"2021-05-20T18:12:53","date_gmt":"2021-05-20T23:12:53","guid":{"rendered":"http:\/\/mariabelenjewelry.com\/?post_type=product&#038;p=1565"},"modified":"2026-01-31T14:00:04","modified_gmt":"2026-01-31T19:00:04","slug":"aretes-corazon-maguey-oxidado","status":"publish","type":"product","link":"https:\/\/mariabelenjewelry.com\/es\/producto\/aretes-corazon-maguey-oxidado\/","title":{"rendered":"Aretes Coraz\u00f3n Maguey Oxidado"},"content":{"rendered":"","protected":false},"excerpt":{"rendered":"<p><span dir=\"auto\" style=\"vertical-align: inherit;\"><span dir=\"auto\" style=\"vertical-align: inherit;\">Aretes Coraz\u00f3n Maguey Oxidado de la Colecci\u00f3n M\u00e9xico coraz\u00f3n de Mar\u00eda Bel\u00e9n Jewelry, elaborado en Plata .925, t\u00e9cnica troquelado, acabado \u00f3xido mate. Hecho a mano en M\u00e9xico, de manera artesanal.<\/span><\/span><\/p>\n<p><span dir=\"auto\" style=\"vertical-align: inherit;\"><span dir=\"auto\" style=\"vertical-align: inherit;\">\u00bfEn qu\u00e9 es en lo primero que piensas cuando escuchas la palabra maguey? Nosotros pensamos en su forma, sus pencas que nacen de la tierra y se yerguen hac\u00eda el universo. La planta del maguey ha sido catalogada como el \u00e1rbol de las maravillas y no pod\u00eda faltar dentro de esta Colecci\u00f3n. A la vez es un tributo al coraz\u00f3n del maguey que nos regala tantos elixires divinos como el tequila, el pulque, el aguamiel. Estos aretes tienen un toque alegre, se puede usar para levantar cualquier outfit, como tu tercera pieza o en salidas especiales. Se ven fant\u00e1sticos en cada persona que los porta, y es uno de los favoritos.<\/span><\/span><\/p>\n<p><span dir=\"auto\" style=\"vertical-align: inherit;\"><span dir=\"auto\" style=\"vertical-align: inherit;\">Este bello dise\u00f1o existe en acabado brillante y oxidado. \u00bfCu\u00e1l prefieres?<\/span><\/span><\/p>\n<p><span dir=\"auto\" style=\"vertical-align: inherit;\"><span dir=\"auto\" style=\"vertical-align: inherit;\">Para mantener el cuidado de esta pieza recomendamos, limpiar con una franela, evitar el contacto directo con perfumes, cremas, lociones, cosm\u00e9ticos y soluciones salinas.<\/span><\/span><\/p>\n","protected":false},"featured_media":2858,"comment_status":"open","ping_status":"closed","template":"","meta":[],"product_brand":[],"product_cat":[122,77],"product_tag":[85,199,93,202,83,82,86,91,89,205,88,227,87,208,221,90],"class_list":{"0":"post-1565","1":"product","2":"type-product","3":"status-publish","4":"has-post-thumbnail","6":"product_cat-mexico-corazones-colecciones","7":"product_cat-aretes","8":"product_tag-ajewelforlife","9":"product_tag-aretes","10":"product_tag-aretesdeplata","11":"product_tag-gift","12":"product_tag-hechoamano","13":"product_tag-hechoenmexico","14":"product_tag-mariabelenjewelry","15":"product_tag-platamexicana","16":"product_tag-realizamosenvios","17":"product_tag-regalo","18":"product_tag-shoponline","19":"product_tag-silverearrings","20":"product_tag-silverjewelry","21":"product_tag-taxcojewelry","22":"product_tag-tercerapieza","23":"product_tag-thebestgift","25":"first","26":"instock","27":"taxable","28":"shipping-taxable","29":"purchasable","30":"product-type-simple"},"_links":{"self":[{"href":"https:\/\/mariabelenjewelry.com\/es\/wp-json\/wp\/v2\/product\/1565","targetHints":{"allow":["GET"]}}],"collection":[{"href":"https:\/\/mariabelenjewelry.com\/es\/wp-json\/wp\/v2\/product"}],"about":[{"href":"https:\/\/mariabelenjewelry.com\/es\/wp-json\/wp\/v2\/types\/product"}],"replies":[{"embeddable":true,"href":"https:\/\/mariabelenjewelry.com\/es\/wp-json\/wp\/v2\/comments?post=1565"}],"wp:featuredmedia":[{"embeddable":true,"href":"https:\/\/mariabelenjewelry.com\/es\/wp-json\/wp\/v2\/media\/2858"}],"wp:attachment":[{"href":"https:\/\/mariabelenjewelry.com\/es\/wp-json\/wp\/v2\/media?parent=1565"}],"wp:term":[{"taxonomy":"product_brand","embeddable":true,"href":"https:\/\/mariabelenjewelry.com\/es\/wp-json\/wp\/v2\/product_brand?post=1565"},{"taxonomy":"product_cat","embeddable":true,"href":"https:\/\/mariabelenjewelry.com\/es\/wp-json\/wp\/v2\/product_cat?post=1565"},{"taxonomy":"product_tag","embeddable":true,"href":"https:\/\/mariabelenjewelry.com\/es\/wp-json\/wp\/v2\/product_tag?post=1565"}],"curies":[{"name":"wp","href":"https:\/\/api.w.org\/{rel}","templated":true}]}}