{"id":1566,"date":"2021-05-20T18:15:13","date_gmt":"2021-05-20T23:15:13","guid":{"rendered":"http:\/\/mariabelenjewelry.com\/?post_type=product&#038;p=1566"},"modified":"2026-01-31T13:59:36","modified_gmt":"2026-01-31T18:59:36","slug":"aretes-corazon-fuego","status":"publish","type":"product","link":"https:\/\/mariabelenjewelry.com\/es\/producto\/aretes-corazon-fuego\/","title":{"rendered":"Aretes Coraz\u00f3n Fuego"},"content":{"rendered":"","protected":false},"excerpt":{"rendered":"<p><span dir=\"auto\" style=\"vertical-align: inherit;\"><span dir=\"auto\" style=\"vertical-align: inherit;\">Aretes Coraz\u00f3n Fuego de la Colecci\u00f3n M\u00e9xico Coraz\u00f3n de Mar\u00eda Bel\u00e9n Jewelry, elaborado en Plata .925, t\u00e9cnica troquelado, acabado brillante. Hecho a mano en M\u00e9xico, de manera artesanal.<\/span><\/span><\/p>\n<p><span dir=\"auto\" style=\"vertical-align: inherit;\"><span dir=\"auto\" style=\"vertical-align: inherit;\">Los aretes de talla m\u00e1s magna dentro de la Colecci\u00f3n M\u00e9xico Coraz\u00f3n, aretes para almas que se atreven a brillar, con estos aretes no pasaras desapercibida, son fuego puro. Atr\u00e9vete a brillar, a vivir el presente intensamente, vida s\u00f3lo hay una y cada d\u00eda es un regalo inigualable. Estos aretes son para eventos especiales, son elegantes y \u00fanicos a la vez. Id\u00f3neos para escenarios, galas, fiestas, eventos y presentaciones en los que buscas destacar. Te aseguramos que no pasar\u00e1s desapercibida con este bello par de aretes.<\/span><\/span><\/p>\n<p><span dir=\"auto\" style=\"vertical-align: inherit;\"><span dir=\"auto\" style=\"vertical-align: inherit;\">Para mantener el cuidado de esta pieza recomendamos, limpiar con una franela, evitar el contacto directo con perfumes, cremas, lociones, cosm\u00e9ticos y soluciones salinas.<\/span><\/span><\/p>\n","protected":false},"featured_media":2877,"comment_status":"open","ping_status":"closed","template":"","meta":[],"product_brand":[],"product_cat":[122,77],"product_tag":[222,85,199,93,223,202,83,82,86,91,89,205,88,201,87,208,221,90],"class_list":{"0":"post-1566","1":"product","2":"type-product","3":"status-publish","4":"has-post-thumbnail","6":"product_cat-mexico-corazones-colecciones","7":"product_cat-aretes","8":"product_tag-accesorio","9":"product_tag-ajewelforlife","10":"product_tag-aretes","11":"product_tag-aretesdeplata","12":"product_tag-elevatuoutfit","13":"product_tag-gift","14":"product_tag-hechoamano","15":"product_tag-hechoenmexico","16":"product_tag-mariabelenjewelry","17":"product_tag-platamexicana","18":"product_tag-realizamosenvios","19":"product_tag-regalo","20":"product_tag-shoponline","21":"product_tag-silvererrings","22":"product_tag-silverjewelry","23":"product_tag-taxcojewelry","24":"product_tag-tercerapieza","25":"product_tag-thebestgift","27":"first","28":"instock","29":"taxable","30":"shipping-taxable","31":"purchasable","32":"product-type-simple"},"_links":{"self":[{"href":"https:\/\/mariabelenjewelry.com\/es\/wp-json\/wp\/v2\/product\/1566","targetHints":{"allow":["GET"]}}],"collection":[{"href":"https:\/\/mariabelenjewelry.com\/es\/wp-json\/wp\/v2\/product"}],"about":[{"href":"https:\/\/mariabelenjewelry.com\/es\/wp-json\/wp\/v2\/types\/product"}],"replies":[{"embeddable":true,"href":"https:\/\/mariabelenjewelry.com\/es\/wp-json\/wp\/v2\/comments?post=1566"}],"wp:featuredmedia":[{"embeddable":true,"href":"https:\/\/mariabelenjewelry.com\/es\/wp-json\/wp\/v2\/media\/2877"}],"wp:attachment":[{"href":"https:\/\/mariabelenjewelry.com\/es\/wp-json\/wp\/v2\/media?parent=1566"}],"wp:term":[{"taxonomy":"product_brand","embeddable":true,"href":"https:\/\/mariabelenjewelry.com\/es\/wp-json\/wp\/v2\/product_brand?post=1566"},{"taxonomy":"product_cat","embeddable":true,"href":"https:\/\/mariabelenjewelry.com\/es\/wp-json\/wp\/v2\/product_cat?post=1566"},{"taxonomy":"product_tag","embeddable":true,"href":"https:\/\/mariabelenjewelry.com\/es\/wp-json\/wp\/v2\/product_tag?post=1566"}],"curies":[{"name":"wp","href":"https:\/\/api.w.org\/{rel}","templated":true}]}}