{"id":1569,"date":"2021-05-20T18:21:47","date_gmt":"2021-05-20T23:21:47","guid":{"rendered":"http:\/\/mariabelenjewelry.com\/?post_type=product&#038;p=1569"},"modified":"2026-01-31T13:45:30","modified_gmt":"2026-01-31T18:45:30","slug":"collar-corazon-decreto","status":"publish","type":"product","link":"https:\/\/mariabelenjewelry.com\/es\/producto\/collar-corazon-decreto\/","title":{"rendered":"Collar Coraz\u00f3n Decreto"},"content":{"rendered":"<div><span dir=\"auto\" style=\"vertical-align: inherit;\"><span dir=\"auto\" style=\"vertical-align: inherit;\">Eleva tu estilo con el exquisito Collar Coraz\u00f3n Decreto de la Colecci\u00f3n Coraz\u00f3n de M\u00e9xico de Joyer\u00eda Mar\u00eda Bel\u00e9n. Esta pieza excepcional de joyer\u00eda de dise\u00f1o exclusivo muestra la dedicaci\u00f3n de la marca a las piezas \u00fanicas hechas a mano y la joyer\u00eda de lujo de dise\u00f1ador. Elaborado meticulosamente en M\u00e9xico con plata .925, este collar presenta una impresionante combinaci\u00f3n de t\u00e9cnicas cinceladas y caladas, que culmina en un fascinante acabado de \u00f3xido mate.<\/span><\/span><\/div>\n<div><\/div>\n<div><span dir=\"auto\" style=\"vertical-align: inherit;\"><span dir=\"auto\" style=\"vertical-align: inherit;\">Con unas medidas de 10 \u00d7 7 \u00d7 1 cm y un delicado peso de 12 gramos, este hermoso collar encierra una fuerza poderosa y un significado profundo. Representa la visi\u00f3n, la certeza y la manifestaci\u00f3n divina, al tiempo que simboliza las infinitas posibilidades que se encuentran ante ti. La pieza central tiene la fuerza del decreto, sirviendo como un recordatorio de su capacidad para dar forma a su propia realidad. La cadena consta de eslabones en forma de infinito, que simbolizan la belleza y los potenciales infinitos que llenan tu vida cotidiana. Para un look completo y armonioso, puedes combinar este collar con el juego de pendientes a juego.<\/span><\/span><\/div>\n<div><\/div>\n<div><span dir=\"auto\" style=\"vertical-align: inherit;\"><span dir=\"auto\" style=\"vertical-align: inherit;\">Para asegurar la longevidad de esta pieza notable, recomendamos limpiarla con una franela suave para mantener su apariencia impecable. Es importante evitar el contacto directo con perfumes, cremas, lociones, cosm\u00e9ticos y soluciones salinas, ya que estas sustancias pueden afectar la integridad de la plata y su cautivador acabado de \u00f3xido mate.<\/span><\/span><\/div>\n<div><\/div>\n<div><span dir=\"auto\" style=\"vertical-align: inherit;\"><span dir=\"auto\" style=\"vertical-align: inherit;\">Mar\u00eda Bel\u00e9n Jewelry, una reconocida marca de dise\u00f1ador mexicana, no solo ofrece joyas de dise\u00f1ador exclusivas, sino que tambi\u00e9n brinda una oportunidad para vender joyas de dise\u00f1ador al por mayor. Su compromiso de ofrecer una artesan\u00eda excepcional y piezas \u00fanicas hechas a mano los ha posicionado como un nombre destacado en la industria. Eleve su colecci\u00f3n o deleite a sus clientes con las exquisitas creaciones de Mar\u00eda Bel\u00e9n Jewelry, donde cada pieza est\u00e1 meticulosamente elaborada para cautivar corazones e inspirar asombro.<\/span><\/span><\/div>\n<div><\/div>\n<div><span dir=\"auto\" style=\"vertical-align: inherit;\"><span dir=\"auto\" style=\"vertical-align: inherit;\">Sum\u00e9rgete en el encanto del Collar Coraz\u00f3n Decreto de la Colecci\u00f3n Coraz\u00f3n de M\u00e9xico. Deje que su poderoso simbolismo y su arte meticuloso lo gu\u00eden en un viaje de autodescubrimiento y manifestaci\u00f3n. Experimente la esencia de la alta joyer\u00eda, la joyer\u00eda de alta moda y la joyer\u00eda fina mientras se adorna con este exquisito collar, un fiel reflejo de la belleza, el significado y la posibilidad.<\/span><\/span><\/div>\n","protected":false},"excerpt":{"rendered":"<p><span dir=\"auto\" style=\"vertical-align: inherit;\"><span dir=\"auto\" style=\"vertical-align: inherit;\">Collar de la Colecci\u00f3n M\u00e9xico coraz\u00f3n de Mar\u00eda Bel\u00e9n Jewelry, elaborado en Plata .925, t\u00e9cnica cincelado y calado, acabado \u00f3xido mate. Hecho a mano en M\u00e9xico, de manera artesanal.<\/span><\/span><\/p>\n<p><span dir=\"auto\" style=\"vertical-align: inherit;\"><span dir=\"auto\" style=\"vertical-align: inherit;\">La visi\u00f3n, la certeza, lo divino, la manifestaci\u00f3n, el infinito de posibilidades. Este bello collar contiene toda esta fuerza e informaci\u00f3n en un bell\u00edsimo dise\u00f1o englobando al centro la fuerza del decreto, la cadena est\u00e1 formada por eslabones con la forma del infinito, llenando de bellas manifestaciones el d\u00eda a d\u00eda, lo puedes acompa\u00f1ar con el juego de aretes.<\/span><\/span><\/p>\n<p><span dir=\"auto\" style=\"vertical-align: inherit;\"><span dir=\"auto\" style=\"vertical-align: inherit;\">Para mantener el cuidado de esta pieza recomendamos, limpiar con una franela, evitar el contacto directo con perfumes, cremas, lociones, cosm\u00e9ticos y soluciones salinas.<\/span><\/span><\/p>\n","protected":false},"featured_media":2866,"comment_status":"open","ping_status":"closed","template":"","meta":[],"product_brand":[],"product_cat":[122,74,80,75],"product_tag":[85,281,284,280,285,83,82,86,91,89,88,279,87,90],"class_list":{"0":"post-1569","1":"product","2":"type-product","3":"status-publish","4":"has-post-thumbnail","6":"product_cat-mexico-corazones-colecciones","7":"product_cat-colecciones","8":"product_cat-collares","9":"product_cat-joyeria","10":"product_tag-ajewelforlife","11":"product_tag-collar-de-corazon","12":"product_tag-collar-de-corazones","13":"product_tag-collar-de-plata","14":"product_tag-heart-jewelry","15":"product_tag-hechoamano","16":"product_tag-hechoenmexico","17":"product_tag-mariabelenjewelry","18":"product_tag-platamexicana","19":"product_tag-realizamosenvios","20":"product_tag-shoponline","21":"product_tag-silver-necklace","22":"product_tag-silverjewelry","23":"product_tag-thebestgift","25":"first","26":"instock","27":"taxable","28":"shipping-taxable","29":"purchasable","30":"product-type-simple"},"_links":{"self":[{"href":"https:\/\/mariabelenjewelry.com\/es\/wp-json\/wp\/v2\/product\/1569","targetHints":{"allow":["GET"]}}],"collection":[{"href":"https:\/\/mariabelenjewelry.com\/es\/wp-json\/wp\/v2\/product"}],"about":[{"href":"https:\/\/mariabelenjewelry.com\/es\/wp-json\/wp\/v2\/types\/product"}],"replies":[{"embeddable":true,"href":"https:\/\/mariabelenjewelry.com\/es\/wp-json\/wp\/v2\/comments?post=1569"}],"wp:featuredmedia":[{"embeddable":true,"href":"https:\/\/mariabelenjewelry.com\/es\/wp-json\/wp\/v2\/media\/2866"}],"wp:attachment":[{"href":"https:\/\/mariabelenjewelry.com\/es\/wp-json\/wp\/v2\/media?parent=1569"}],"wp:term":[{"taxonomy":"product_brand","embeddable":true,"href":"https:\/\/mariabelenjewelry.com\/es\/wp-json\/wp\/v2\/product_brand?post=1569"},{"taxonomy":"product_cat","embeddable":true,"href":"https:\/\/mariabelenjewelry.com\/es\/wp-json\/wp\/v2\/product_cat?post=1569"},{"taxonomy":"product_tag","embeddable":true,"href":"https:\/\/mariabelenjewelry.com\/es\/wp-json\/wp\/v2\/product_tag?post=1569"}],"curies":[{"name":"wp","href":"https:\/\/api.w.org\/{rel}","templated":true}]}}