{"id":1570,"date":"2021-05-20T18:24:57","date_gmt":"2021-05-20T23:24:57","guid":{"rendered":"http:\/\/mariabelenjewelry.com\/?post_type=product&#038;p=1570"},"modified":"2026-01-31T13:34:03","modified_gmt":"2026-01-31T18:34:03","slug":"collar-la-vision-del-amor","status":"publish","type":"product","link":"https:\/\/mariabelenjewelry.com\/es\/producto\/collar-la-vision-del-amor\/","title":{"rendered":"Collar La Visi\u00f3n Del Amor"},"content":{"rendered":"<div><span dir=\"auto\" style=\"vertical-align: inherit;\"><span dir=\"auto\" style=\"vertical-align: inherit;\">Eleva tu estilo con el exquisito Collar de la Colecci\u00f3n de Joyer\u00eda M\u00e9xico Coraz\u00f3n de Mar\u00eda Bel\u00e9n Nilson. Esta impresionante pieza de joyer\u00eda de dise\u00f1ador exclusiva est\u00e1 meticulosamente hecha a mano en M\u00e9xico, lo que demuestra la dedicaci\u00f3n de la marca a las piezas \u00fanicas hechas a mano y la joyer\u00eda de lujo de dise\u00f1ador. Elaborado con Plata .925 y elaborado con la intrincada t\u00e9cnica del cincelado, este collar emana sofisticaci\u00f3n y tradici\u00f3n con su acabado mate oxidado.<\/span><\/span><\/div>\n<div><\/div>\n<div><span dir=\"auto\" style=\"vertical-align: inherit;\"><span dir=\"auto\" style=\"vertical-align: inherit;\">Con unas medidas de 10 \u00d7 7 \u00d7 1 cm y un elegante peso de 17 gramos, este hermoso collar es una verdadera encarnaci\u00f3n de la elegancia y el arte. Con su dise\u00f1o simb\u00f3lico y su cautivadora paleta de colores, sirve como un recordatorio de la magia y el amor que impregnan nuestras vidas. El coraz\u00f3n de cobre resplandeciente en el centro representa la visi\u00f3n divina, envolvi\u00e9ndote en el encanto del amor.<\/span><\/span><\/div>\n<div><\/div>\n<div><span dir=\"auto\" style=\"vertical-align: inherit;\"><span dir=\"auto\" style=\"vertical-align: inherit;\">Los eslabones en forma de infinito en la cadena simbolizan la abundancia de amor que reside dentro de ti y te rodea. \u00bfEst\u00e1s listo para abrazar el amor en su m\u00e1xima expresi\u00f3n? Este collar, cuando se combina con los <\/span><\/span><a href=\"http:\/\/mariabelenjewelry.com\/producto\/aretes-corazon-la-vision-del-amor\/\"><span dir=\"auto\" style=\"vertical-align: inherit;\"><span dir=\"auto\" style=\"vertical-align: inherit;\">aretes a juego<\/span><\/span><\/a><span dir=\"auto\" style=\"vertical-align: inherit;\"><span dir=\"auto\" style=\"vertical-align: inherit;\"> , crear\u00e1 una apariencia cautivadora que seguramente fascinar\u00e1 a todos los que lo miren.<\/span><\/span><\/div>\n<div><\/div>\n<div><span dir=\"auto\" style=\"vertical-align: inherit;\"><span dir=\"auto\" style=\"vertical-align: inherit;\">Esta pieza vers\u00e1til posee tanto delicadeza como fuerza, por lo que es apta tanto para ocasiones casuales como especiales. Estar\u00edamos encantados de ver c\u00f3mo lo luces, as\u00ed que comparte tus fotos con nosotros a trav\u00e9s de nuestros canales de redes sociales. Estamos ansiosos por presenciar tu interpretaci\u00f3n \u00fanica de este encantador collar.<\/span><\/span><\/div>\n<div><\/div>\n<div><span dir=\"auto\" style=\"vertical-align: inherit;\"><span dir=\"auto\" style=\"vertical-align: inherit;\">Para asegurar la longevidad de esta exquisita pieza, recomendamos limpiarla con una franela suave para mantener su apariencia impecable. Es importante evitar el contacto directo con perfumes, cremas, lociones, cosm\u00e9ticos y soluciones salinas, ya que estas sustancias pueden afectar la integridad de la plata y su encantador acabado mate oxidado.<\/span><\/span><\/div>\n<div><\/div>\n<div><span dir=\"auto\" style=\"vertical-align: inherit;\"><span dir=\"auto\" style=\"vertical-align: inherit;\">Mar\u00eda Bel\u00e9n Joyer\u00eda, una distinguida marca de dise\u00f1adora mexicana, no solo ofrece joyer\u00eda de dise\u00f1ador exclusiva, sino que tambi\u00e9n brinda una oportunidad para la <\/span><\/span><a href=\"https:\/\/www.mbndesigns.com\/\" rel=\"nofollow noopener\" target=\"_blank\"><span dir=\"auto\" style=\"vertical-align: inherit;\"><span dir=\"auto\" style=\"vertical-align: inherit;\">venta al por mayor de joyer\u00eda de dise\u00f1ador<\/span><\/span><\/a><span dir=\"auto\" style=\"vertical-align: inherit;\"><span dir=\"auto\" style=\"vertical-align: inherit;\"> . Con un enfoque en alta joyer\u00eda, joyer\u00eda de alta moda y joyer\u00eda fina, se han establecido como un nombre destacado en la industria. Eleve su colecci\u00f3n o deleite a sus clientes con las creaciones \u00fanicas de Mar\u00eda Bel\u00e9n Jewelry, donde cada pieza se elabora meticulosamente para cautivar corazones e inspirar asombro.<\/span><\/span><\/div>\n<div><\/div>\n<div><span dir=\"auto\" style=\"vertical-align: inherit;\"><span dir=\"auto\" style=\"vertical-align: inherit;\">Sum\u00e9rgete en el encanto del Collar de la Colecci\u00f3n de Joyer\u00eda M\u00e9xico coraz\u00f3n de Mar\u00eda Bel\u00e9n. Deje que su simbolismo y su exquisita artesan\u00eda enciendan su esp\u00edritu e infundan su vida con magia y amor. Experimente la esencia de la joyer\u00eda fina mientras se adorna con este encantador collar, un fiel reflejo de la belleza y el arte.<\/span><\/span><\/div>\n","protected":false},"excerpt":{"rendered":"<p><span dir=\"auto\" style=\"vertical-align: inherit;\"><span dir=\"auto\" style=\"vertical-align: inherit;\">Collar de la Colecci\u00f3n M\u00e9xico coraz\u00f3n de Mar\u00eda Bel\u00e9n Jewelry, elaborado en Plata .925, t\u00e9cnica cincelado, acabado \u00f3xido mate. Hecho a mano en M\u00e9xico, de manera artesanal.<\/span><\/span><\/p>\n<p><span dir=\"auto\" style=\"vertical-align: inherit;\"><span dir=\"auto\" style=\"vertical-align: inherit;\">Siempre que el amor mueve nuestra vida, la magia suscita a cada paso, y este bello collar nos lo recuerda con sus s\u00edmbolos y paleta de colores. Del coraz\u00f3n resplandeciente en cobre nace la visi\u00f3n, la mirada divina, envolvi\u00e9ndote en la magia del amor.<\/span><\/span><\/p>\n<p><span dir=\"auto\" style=\"vertical-align: inherit;\"><span dir=\"auto\" style=\"vertical-align: inherit;\">Los eslabones de la cadena en forma de infinito manifestaran la abundancia de ese amor que vive en ti y que te rodea. \u00bfEst\u00e1s lista para recibir amor a manos llenas? Este es el collar y en combinaci\u00f3n con los <\/span><\/span><a href=\"http:\/\/mariabelenjewelry.com\/producto\/aretes-corazon-la-vision-del-amor\/\"><span dir=\"auto\" style=\"vertical-align: inherit;\"><span dir=\"auto\" style=\"vertical-align: inherit;\">aretes <\/span><\/span><\/a> <u><span dir=\"auto\" style=\"vertical-align: inherit;\"><span dir=\"auto\" style=\"vertical-align: inherit;\">tu<\/span><\/span><\/u><span dir=\"auto\" style=\"vertical-align: inherit;\"><span dir=\"auto\" style=\"vertical-align: inherit;\"> look ser\u00e1 una completa fascinaci\u00f3n.<\/span><\/span><\/p>\n<p><span dir=\"auto\" style=\"vertical-align: inherit;\"><span dir=\"auto\" style=\"vertical-align: inherit;\">Tiene la delicadeza y fuerza para usar en un look casual, as\u00ed como para eventos especiales, comp\u00e1rtenos tus fotos us\u00e1ndolo por medio de nuestras redes sociales, nos encantar\u00e1 verte.<\/span><\/span>\ud83d\ude0a<\/p>\n<p><span dir=\"auto\" style=\"vertical-align: inherit;\"><span dir=\"auto\" style=\"vertical-align: inherit;\">Para mantener el cuidado de esta pieza recomendamos, limpiar con una franela, evitar el contacto directo con perfumes, cremas, lociones, cosm\u00e9ticos y soluciones salinas.<\/span><\/span><\/p>\n","protected":false},"featured_media":2860,"comment_status":"open","ping_status":"closed","template":"","meta":[],"product_brand":[],"product_cat":[122,80],"product_tag":[85,281,284,280,285,83,82,86,287,91,89,88,286,283,279,87,90],"class_list":{"0":"post-1570","1":"product","2":"type-product","3":"status-publish","4":"has-post-thumbnail","6":"product_cat-mexico-corazones-colecciones","7":"product_cat-collares","8":"product_tag-ajewelforlife","9":"product_tag-collar-de-corazon","10":"product_tag-collar-de-corazones","11":"product_tag-collar-de-plata","12":"product_tag-heart-jewelry","13":"product_tag-hechoamano","14":"product_tag-hechoenmexico","15":"product_tag-mariabelenjewelry","16":"product_tag-plata-y-cobre","17":"product_tag-platamexicana","18":"product_tag-realizamosenvios","19":"product_tag-shoponline","20":"product_tag-silver-and-cooper","21":"product_tag-silver-heart-necklace","22":"product_tag-silver-necklace","23":"product_tag-silverjewelry","24":"product_tag-thebestgift","26":"first","27":"instock","28":"taxable","29":"shipping-taxable","30":"purchasable","31":"product-type-simple"},"_links":{"self":[{"href":"https:\/\/mariabelenjewelry.com\/es\/wp-json\/wp\/v2\/product\/1570","targetHints":{"allow":["GET"]}}],"collection":[{"href":"https:\/\/mariabelenjewelry.com\/es\/wp-json\/wp\/v2\/product"}],"about":[{"href":"https:\/\/mariabelenjewelry.com\/es\/wp-json\/wp\/v2\/types\/product"}],"replies":[{"embeddable":true,"href":"https:\/\/mariabelenjewelry.com\/es\/wp-json\/wp\/v2\/comments?post=1570"}],"wp:featuredmedia":[{"embeddable":true,"href":"https:\/\/mariabelenjewelry.com\/es\/wp-json\/wp\/v2\/media\/2860"}],"wp:attachment":[{"href":"https:\/\/mariabelenjewelry.com\/es\/wp-json\/wp\/v2\/media?parent=1570"}],"wp:term":[{"taxonomy":"product_brand","embeddable":true,"href":"https:\/\/mariabelenjewelry.com\/es\/wp-json\/wp\/v2\/product_brand?post=1570"},{"taxonomy":"product_cat","embeddable":true,"href":"https:\/\/mariabelenjewelry.com\/es\/wp-json\/wp\/v2\/product_cat?post=1570"},{"taxonomy":"product_tag","embeddable":true,"href":"https:\/\/mariabelenjewelry.com\/es\/wp-json\/wp\/v2\/product_tag?post=1570"}],"curies":[{"name":"wp","href":"https:\/\/api.w.org\/{rel}","templated":true}]}}