{"id":1668,"date":"2021-09-29T17:32:40","date_gmt":"2021-09-29T22:32:40","guid":{"rendered":"http:\/\/mariabelenjewelry.com\/?post_type=product&#038;p=1668"},"modified":"2026-01-31T13:25:41","modified_gmt":"2026-01-31T18:25:41","slug":"arete-len-2","status":"publish","type":"product","link":"https:\/\/mariabelenjewelry.com\/es\/producto\/arete-len-2\/","title":{"rendered":"Arete Len 2"},"content":{"rendered":"","protected":false},"excerpt":{"rendered":"<p style=\"background: white; margin: 0cm 0cm 15.6pt 0cm;\"><span style=\"font-family: 'Arial',sans-serif; color: #424141;\"><span dir=\"auto\" style=\"vertical-align: inherit;\"><span dir=\"auto\" style=\"vertical-align: inherit;\">Arete de la Colecci\u00f3n M\u00e9xico m\u00e1gico de Mar\u00eda Bel\u00e9n Jewelry, elaborado en Plata .925, t\u00e9cnica cincelado, acabado \u00f3xido mate y brillo. Hecho a mano en M\u00e9xico, de manera artesanal.<\/span><\/span><\/span><\/p>\n<p style=\"background: white; box-sizing: border-box; font-variant-ligatures: normal; font-variant-caps: normal; orphans: 2; widows: 2; -webkit-text-stroke-width: 0px; text-decoration-thickness: initial; text-decoration-style: initial; text-decoration-color: initial; word-spacing: 0px; margin: 0cm 0cm 15.6pt 0cm;\"><span style=\"font-family: 'Arial',sans-serif; color: #424141;\"><span dir=\"auto\" style=\"vertical-align: inherit;\"><span dir=\"auto\" style=\"vertical-align: inherit;\">Para mantener el cuidado de esta pieza recomendamos, limpiar con una franela, evitar el contacto directo con perfumes, cremas, lociones, cosm\u00e9ticos y soluciones salinas.<\/span><\/span><\/span><\/p>\n","protected":false},"featured_media":1669,"comment_status":"open","ping_status":"closed","template":"","meta":[],"product_brand":[],"product_cat":[127,77,74],"product_tag":[85,83,82,86,91,89,88,87,90],"class_list":{"0":"post-1668","1":"product","2":"type-product","3":"status-publish","4":"has-post-thumbnail","6":"product_cat-mexico-magico","7":"product_cat-aretes","8":"product_cat-colecciones","9":"product_tag-ajewelforlife","10":"product_tag-hechoamano","11":"product_tag-hechoenmexico","12":"product_tag-mariabelenjewelry","13":"product_tag-platamexicana","14":"product_tag-realizamosenvios","15":"product_tag-shoponline","16":"product_tag-silverjewelry","17":"product_tag-thebestgift","19":"first","20":"instock","21":"taxable","22":"shipping-taxable","23":"purchasable","24":"product-type-simple"},"_links":{"self":[{"href":"https:\/\/mariabelenjewelry.com\/es\/wp-json\/wp\/v2\/product\/1668","targetHints":{"allow":["GET"]}}],"collection":[{"href":"https:\/\/mariabelenjewelry.com\/es\/wp-json\/wp\/v2\/product"}],"about":[{"href":"https:\/\/mariabelenjewelry.com\/es\/wp-json\/wp\/v2\/types\/product"}],"replies":[{"embeddable":true,"href":"https:\/\/mariabelenjewelry.com\/es\/wp-json\/wp\/v2\/comments?post=1668"}],"wp:featuredmedia":[{"embeddable":true,"href":"https:\/\/mariabelenjewelry.com\/es\/wp-json\/wp\/v2\/media\/1669"}],"wp:attachment":[{"href":"https:\/\/mariabelenjewelry.com\/es\/wp-json\/wp\/v2\/media?parent=1668"}],"wp:term":[{"taxonomy":"product_brand","embeddable":true,"href":"https:\/\/mariabelenjewelry.com\/es\/wp-json\/wp\/v2\/product_brand?post=1668"},{"taxonomy":"product_cat","embeddable":true,"href":"https:\/\/mariabelenjewelry.com\/es\/wp-json\/wp\/v2\/product_cat?post=1668"},{"taxonomy":"product_tag","embeddable":true,"href":"https:\/\/mariabelenjewelry.com\/es\/wp-json\/wp\/v2\/product_tag?post=1668"}],"curies":[{"name":"wp","href":"https:\/\/api.w.org\/{rel}","templated":true}]}}