{"id":2977,"date":"2022-08-13T15:36:25","date_gmt":"2022-08-13T20:36:25","guid":{"rendered":"http:\/\/mariabelenjewelry.com\/?post_type=product&#038;p=2977"},"modified":"2026-01-31T13:07:21","modified_gmt":"2026-01-31T18:07:21","slug":"aretes-corazon-intuitivo-mate","status":"publish","type":"product","link":"https:\/\/mariabelenjewelry.com\/es\/producto\/aretes-corazon-intuitivo-mate\/","title":{"rendered":"Aretes Coraz\u00f3n Intuitivo Acabado Mate"},"content":{"rendered":"<div><span dir=\"auto\" style=\"vertical-align: inherit;\"><span dir=\"auto\" style=\"vertical-align: inherit;\">Descubre la encantadora belleza de los Aretes Coraz\u00f3n Intuitivo de la Colecci\u00f3n M\u00e9xico Coraz\u00f3n de Joyer\u00eda Mar\u00eda Bel\u00e9n. Elaboradas con un arte meticuloso, estas exclusivas piezas de joyer\u00eda de dise\u00f1ador personifican la esencia de las piezas \u00fanicas hechas a mano y la joyer\u00eda de lujo de dise\u00f1ador. Cada arete presenta tres corazones de tama\u00f1os progresivos, meticulosamente elaborados en Plata .925 con una t\u00e9cnica de troquelado y terminados con un cautivador acabado mate oxidado. Hechos a mano en M\u00e9xico de manera artesanal, estos aretes muestran la dedicaci\u00f3n de la marca a la artesan\u00eda excepcional.<\/span><\/span><\/div>\n<div><\/div>\n<div><span dir=\"auto\" style=\"vertical-align: inherit;\"><span dir=\"auto\" style=\"vertical-align: inherit;\">Con unas medidas de 10 \u00d7 6 \u00d7 1 cm y un elegante peso de 16 gramos, estos hermosos aretes son la elecci\u00f3n perfecta para el uso diario. Los s\u00edmbolos atemporales del c\u00edrculo y el coraz\u00f3n est\u00e1n delicadamente integrados en el dise\u00f1o, sirviendo como s\u00edmbolos universales que han tenido un profundo significado durante milenios. Representan el lenguaje a trav\u00e9s del cual nos comunicamos e infundimos prop\u00f3sito en nuestro viaje. Los Aretes de la Colecci\u00f3n M\u00e9xico Coraz\u00f3n est\u00e1n especialmente dise\u00f1ados para la mujer so\u00f1adora y rom\u00e1ntica que se abraza a s\u00ed misma, sigue su intuici\u00f3n y escucha su coraz\u00f3n. Sirven como un suave recordatorio de que al conectarnos con nuestros corazones, reconocemos la perfecci\u00f3n divina que existe en todo.<\/span><\/span><\/div>\n<div><\/div>\n<div><span dir=\"auto\" style=\"vertical-align: inherit;\"><span dir=\"auto\" style=\"vertical-align: inherit;\">Para asegurar la longevidad de esta exquisita pieza, recomendamos limpiar los aretes con una franela suave para mantener su apariencia impecable. Es recomendable evitar el contacto directo con perfumes, cremas, lociones, cosm\u00e9ticos y soluciones salinas, ya que estas sustancias pueden afectar la integridad de la plata y su acabado mate oxidado.<\/span><\/span><\/div>\n<div><\/div>\n<div><span dir=\"auto\" style=\"vertical-align: inherit;\"><span dir=\"auto\" style=\"vertical-align: inherit;\">Como distinguida dise\u00f1adora mexicana, Mar\u00eda Bel\u00e9n Nilson no solo ofrece joyer\u00eda de dise\u00f1o exclusivo, sino que tambi\u00e9n brinda una oportunidad para la venta al por mayor de joyer\u00eda de dise\u00f1o. Su compromiso de ofrecer una artesan\u00eda excepcional y piezas \u00fanicas hechas a mano los ha posicionado como un nombre destacado en el mundo de la alta joyer\u00eda. Eleva tu inventario con sus exquisitas creaciones, mostrando la dedicaci\u00f3n de la marca al dise\u00f1o lujoso y la joyer\u00eda fina.<\/span><\/span><\/div>\n<div><\/div>\n<div><span dir=\"auto\" style=\"vertical-align: inherit;\"><span dir=\"auto\" style=\"vertical-align: inherit;\">Sum\u00e9rgete en el encanto de los Aretes de la Colecci\u00f3n M\u00e9xico Coraz\u00f3n de Joyer\u00eda Mar\u00eda Bel\u00e9n. Celebra la fusi\u00f3n del arte, el simbolismo y la artesan\u00eda superior. Con su dise\u00f1o atemporal y su profundo significado, estos aretes lo invitan a abrazar su individualidad y reconocer la perfecci\u00f3n divina en su interior. Experimente la esencia de la alta joyer\u00eda con Mar\u00eda Bel\u00e9n Nilson, donde cada pieza est\u00e1 meticulosamente elaborada para cautivar corazones e inspirar asombro.<\/span><\/span><\/div>\n<div><\/div>\n<div><span dir=\"auto\" style=\"vertical-align: inherit;\"><span dir=\"auto\" style=\"vertical-align: inherit;\">Realza tu estilo con la elegancia y sofisticaci\u00f3n de estas exclusivas piezas de joyer\u00eda de dise\u00f1ador. Los Aretes de la Colecci\u00f3n M\u00e9xico Coraz\u00f3n de Mar\u00eda Bel\u00e9n Jewelry personifican la dedicaci\u00f3n de la marca al dise\u00f1o lujoso, el arte impecable y la esencia de la alta joyer\u00eda mexicana. Eleve su colecci\u00f3n personal o deleite a sus clientes con estas obras maestras de joyer\u00eda fina, verdaderas personificaciones de la belleza y la artesan\u00eda.<\/span><\/span><\/div>\n","protected":false},"excerpt":{"rendered":"<p><span dir=\"auto\" style=\"vertical-align: inherit;\"><span dir=\"auto\" style=\"vertical-align: inherit;\">Aretes de la Colecci\u00f3n M\u00e9xico Coraz\u00f3n de Mar\u00eda Bel\u00e9n Jewelry, tres corazones de tama\u00f1os progresivos elaborados en Plata .925, t\u00e9cnica troquelado, acabado oxidado mate. Hecho a mano en M\u00e9xico, de manera artesanal.<\/span><\/span><\/p>\n<p><span dir=\"auto\" style=\"vertical-align: inherit;\"><span dir=\"auto\" style=\"vertical-align: inherit;\">Bellos aretes ideales para el d\u00eda a d\u00eda. El c\u00edrculo y el coraz\u00f3n son s\u00edmbolos universales, figuras geom\u00e9tricas que nos han acompa\u00f1ado desde milenios, con las cuales nos comunicamos y dotamos de significado nuestro andar. Estos aretes son perfectos para la mujer so\u00f1adora, rom\u00e1nticos, fiel a s\u00ed misma, intuitiva y capaz de escuchar a su coraz\u00f3n. S\u00f3lo tienes que sentir con el coraz\u00f3n, todo es divino y es perfecto.<\/span><\/span><\/p>\n<p><span dir=\"auto\" style=\"vertical-align: inherit;\"><span dir=\"auto\" style=\"vertical-align: inherit;\">Para mantener el cuidado de esta pieza recomendamos, limpiar con una franela, evitar el contacto directo con perfumes, cremas, lociones, cosm\u00e9ticos y soluciones salinas.<\/span><\/span><\/p>\n","protected":false},"featured_media":2986,"comment_status":"open","ping_status":"closed","template":"","meta":[],"product_brand":[],"product_cat":[122,77,74,75],"product_tag":[85,83,82,86,91,89,88,87,90],"class_list":{"0":"post-2977","1":"product","2":"type-product","3":"status-publish","4":"has-post-thumbnail","6":"product_cat-mexico-corazones-colecciones","7":"product_cat-aretes","8":"product_cat-colecciones","9":"product_cat-joyeria","10":"product_tag-ajewelforlife","11":"product_tag-hechoamano","12":"product_tag-hechoenmexico","13":"product_tag-mariabelenjewelry","14":"product_tag-platamexicana","15":"product_tag-realizamosenvios","16":"product_tag-shoponline","17":"product_tag-silverjewelry","18":"product_tag-thebestgift","20":"first","21":"instock","22":"taxable","23":"shipping-taxable","24":"purchasable","25":"product-type-simple"},"_links":{"self":[{"href":"https:\/\/mariabelenjewelry.com\/es\/wp-json\/wp\/v2\/product\/2977","targetHints":{"allow":["GET"]}}],"collection":[{"href":"https:\/\/mariabelenjewelry.com\/es\/wp-json\/wp\/v2\/product"}],"about":[{"href":"https:\/\/mariabelenjewelry.com\/es\/wp-json\/wp\/v2\/types\/product"}],"replies":[{"embeddable":true,"href":"https:\/\/mariabelenjewelry.com\/es\/wp-json\/wp\/v2\/comments?post=2977"}],"wp:featuredmedia":[{"embeddable":true,"href":"https:\/\/mariabelenjewelry.com\/es\/wp-json\/wp\/v2\/media\/2986"}],"wp:attachment":[{"href":"https:\/\/mariabelenjewelry.com\/es\/wp-json\/wp\/v2\/media?parent=2977"}],"wp:term":[{"taxonomy":"product_brand","embeddable":true,"href":"https:\/\/mariabelenjewelry.com\/es\/wp-json\/wp\/v2\/product_brand?post=2977"},{"taxonomy":"product_cat","embeddable":true,"href":"https:\/\/mariabelenjewelry.com\/es\/wp-json\/wp\/v2\/product_cat?post=2977"},{"taxonomy":"product_tag","embeddable":true,"href":"https:\/\/mariabelenjewelry.com\/es\/wp-json\/wp\/v2\/product_tag?post=2977"}],"curies":[{"name":"wp","href":"https:\/\/api.w.org\/{rel}","templated":true}]}}