{"id":2998,"date":"2022-08-15T12:51:26","date_gmt":"2022-08-15T17:51:26","guid":{"rendered":"http:\/\/mariabelenjewelry.com\/?post_type=product&#038;p=2998"},"modified":"2026-01-31T13:06:17","modified_gmt":"2026-01-31T18:06:17","slug":"broquel-corazon-intuitivo","status":"publish","type":"product","link":"https:\/\/mariabelenjewelry.com\/es\/producto\/broquel-corazon-intuitivo\/","title":{"rendered":"Broquel Coraz\u00f3n Intuitivo"},"content":{"rendered":"<div><span dir=\"auto\" style=\"vertical-align: inherit;\"><span dir=\"auto\" style=\"vertical-align: inherit;\">Del\u00e9itese con el encanto cautivador de los aretes Broquel Coraz\u00f3n Intuitivo de la colecci\u00f3n de joyer\u00eda M\u00e9xico Coraz\u00f3n de Mar\u00eda Bel\u00e9n Nilson. Hechos a mano con la m\u00e1xima precisi\u00f3n y cuidado, estas exclusivas piezas de joyer\u00eda de dise\u00f1ador personifican la esencia de la joyer\u00eda de lujo de dise\u00f1ador mexicano. Estos aretes, elaborados con plata .925 y adornados con una t\u00e9cnica de troquelado, muestran un arte y una artesan\u00eda excepcionales. El acabado oxidado mate agrega un toque de sofisticaci\u00f3n, realzando su atractivo \u00fanico.<\/span><\/span><\/div>\n<div><\/div>\n<div><span dir=\"auto\" style=\"vertical-align: inherit;\"><span dir=\"auto\" style=\"vertical-align: inherit;\">Joyer\u00eda Mar\u00eda Bel\u00e9n es reconocida por crear piezas \u00fanicas hechas a mano que trascienden las tendencias, haciendo de cada creaci\u00f3n una verdadera obra de arte. Su dedicaci\u00f3n para ofrecer joyer\u00eda fina de alta calidad es evidente en cada pieza que crea.<\/span><\/span><\/div>\n<div><\/div>\n<div><span dir=\"auto\" style=\"vertical-align: inherit;\"><span dir=\"auto\" style=\"vertical-align: inherit;\">El dise\u00f1o de los Broqueles Coraz\u00f3n Intuitivo celebra el simbolismo atemporal del c\u00edrculo y el coraz\u00f3n. Estos s\u00edmbolos universales han sido apreciados a lo largo de la historia como figuras geom\u00e9tricas que comunican un significado profundo y dan un prop\u00f3sito a nuestro viaje. Los aretes son perfectos para la mujer so\u00f1adora y rom\u00e1ntica que acepta su verdadero yo y sigue su intuici\u00f3n. Simbolizan su capacidad de escuchar su coraz\u00f3n, reconociendo la divinidad y la perfecci\u00f3n que existen en todos los aspectos de la vida.<\/span><\/span><\/div>\n<div><\/div>\n<div><span dir=\"auto\" style=\"vertical-align: inherit;\"><span dir=\"auto\" style=\"vertical-align: inherit;\">Estos hermosos aretes son ideales para el uso diario, complementan sin esfuerzo cualquier conjunto y agregan un toque de elegancia. Su versatilidad les permite pasar sin problemas de ocasiones informales a eventos formales, lo que los convierte en un accesorio preciado para cada momento. La cautivadora combinaci\u00f3n de simbolismo, artesan\u00eda exquisita y dise\u00f1o lujoso hacen de estos aretes un excelente ejemplo de joyer\u00eda de alta costura.<\/span><\/span><\/div>\n<div><\/div>\n<div><span dir=\"auto\" style=\"vertical-align: inherit;\"><span dir=\"auto\" style=\"vertical-align: inherit;\">Para garantizar la longevidad de estas piezas excepcionales, el cuidado adecuado es esencial. Recomendamos limpiar los aretes con una franela suave para mantener su apariencia impecable. Es importante evitar el contacto directo con perfumes, cremas, lociones, cosm\u00e9ticos y soluciones salinas, ya que estas sustancias pueden afectar la integridad de la plata y su acabado mate oxidado.<\/span><\/span><\/div>\n<div><\/div>\n<div><span dir=\"auto\" style=\"vertical-align: inherit;\"><span dir=\"auto\" style=\"vertical-align: inherit;\">Como marca de dise\u00f1ador mexicana, Mar\u00eda Bel\u00e9n Joyer\u00eda no solo ofrece joyer\u00eda de dise\u00f1ador exclusiva, sino que tambi\u00e9n brinda una oportunidad para la venta al por mayor de joyer\u00eda de dise\u00f1ador. Con un enfoque en alta joyer\u00eda y joyer\u00eda fina, se ha consolidado como un destacado dise\u00f1ador mexicano en la industria. Eleve su inventario con estas piezas \u00fanicas hechas a mano, que muestran la dedicaci\u00f3n de la marca al dise\u00f1o lujoso y la artesan\u00eda excepcional.<\/span><\/span><\/div>\n<div><\/div>\n<div><span dir=\"auto\" style=\"vertical-align: inherit;\"><span dir=\"auto\" style=\"vertical-align: inherit;\">Sum\u00e9rjase en el encanto de los aretes Broquel Coraz\u00f3n Intuitivo de la colecci\u00f3n de joyer\u00eda M\u00e9xico Coraz\u00f3n de Mar\u00eda Bel\u00e9n. Celebre la fusi\u00f3n del arte, el simbolismo y la artesan\u00eda superior. Con su dise\u00f1o atemporal y su profundo significado, estos aretes lo invitan a abrazar su individualidad y reconocer la perfecci\u00f3n divina en su interior. Experimente la esencia de la joyer\u00eda de alta costura con Mar\u00eda Bel\u00e9n Jewelry, donde cada pieza se elabora meticulosamente para cautivar corazones e inspirar asombro. Eleve su estilo con estas exclusivas piezas de joyer\u00eda de dise\u00f1ador, agregando un toque de elegancia y sofisticaci\u00f3n a cada conjunto.<\/span><\/span><\/div>\n","protected":false},"excerpt":{"rendered":"<p><span dir=\"auto\" style=\"vertical-align: inherit;\"><span dir=\"auto\" style=\"vertical-align: inherit;\">Broquel de la Colecci\u00f3n M\u00e9xico Coraz\u00f3n de Mar\u00eda Bel\u00e9n Jewelry, elaborados en Plata .925, t\u00e9cnica troquelado, acabado oxidado mate. Hecho a mano en M\u00e9xico, de manera artesanal.<\/span><\/span><\/p>\n<p><span dir=\"auto\" style=\"vertical-align: inherit;\"><span dir=\"auto\" style=\"vertical-align: inherit;\">Bellos brocheles ideales para el d\u00eda a d\u00eda. El c\u00edrculo y el coraz\u00f3n son s\u00edmbolos universales, figuras geom\u00e9tricas que nos han acompa\u00f1ado desde milenios, con las cuales nos comunicamos y dotamos de significado nuestro andar. Estos aretes son perfectos para la mujer so\u00f1adora, rom\u00e1nticos, fiel a s\u00ed misma, intuitiva y capaz de escuchar a su coraz\u00f3n. S\u00f3lo tienes que sentir con el coraz\u00f3n, todo es divino y es perfecto.<\/span><\/span><\/p>\n<p><span dir=\"auto\" style=\"vertical-align: inherit;\"><span dir=\"auto\" style=\"vertical-align: inherit;\">Para mantener el cuidado de esta pieza recomendamos, limpiar con una franela, evitar el contacto directo con perfumes, cremas, lociones, cosm\u00e9ticos y soluciones salinas.<\/span><\/span><\/p>\n","protected":false},"featured_media":2992,"comment_status":"open","ping_status":"closed","template":"","meta":[],"product_brand":[],"product_cat":[74,77,75,122],"product_tag":[85,83,82,86,91,89,88,87,90],"class_list":{"0":"post-2998","1":"product","2":"type-product","3":"status-publish","4":"has-post-thumbnail","6":"product_cat-colecciones","7":"product_cat-aretes","8":"product_cat-joyeria","9":"product_cat-mexico-corazones-colecciones","10":"product_tag-ajewelforlife","11":"product_tag-hechoamano","12":"product_tag-hechoenmexico","13":"product_tag-mariabelenjewelry","14":"product_tag-platamexicana","15":"product_tag-realizamosenvios","16":"product_tag-shoponline","17":"product_tag-silverjewelry","18":"product_tag-thebestgift","20":"first","21":"instock","22":"taxable","23":"shipping-taxable","24":"purchasable","25":"product-type-simple"},"_links":{"self":[{"href":"https:\/\/mariabelenjewelry.com\/es\/wp-json\/wp\/v2\/product\/2998","targetHints":{"allow":["GET"]}}],"collection":[{"href":"https:\/\/mariabelenjewelry.com\/es\/wp-json\/wp\/v2\/product"}],"about":[{"href":"https:\/\/mariabelenjewelry.com\/es\/wp-json\/wp\/v2\/types\/product"}],"replies":[{"embeddable":true,"href":"https:\/\/mariabelenjewelry.com\/es\/wp-json\/wp\/v2\/comments?post=2998"}],"wp:featuredmedia":[{"embeddable":true,"href":"https:\/\/mariabelenjewelry.com\/es\/wp-json\/wp\/v2\/media\/2992"}],"wp:attachment":[{"href":"https:\/\/mariabelenjewelry.com\/es\/wp-json\/wp\/v2\/media?parent=2998"}],"wp:term":[{"taxonomy":"product_brand","embeddable":true,"href":"https:\/\/mariabelenjewelry.com\/es\/wp-json\/wp\/v2\/product_brand?post=2998"},{"taxonomy":"product_cat","embeddable":true,"href":"https:\/\/mariabelenjewelry.com\/es\/wp-json\/wp\/v2\/product_cat?post=2998"},{"taxonomy":"product_tag","embeddable":true,"href":"https:\/\/mariabelenjewelry.com\/es\/wp-json\/wp\/v2\/product_tag?post=2998"}],"curies":[{"name":"wp","href":"https:\/\/api.w.org\/{rel}","templated":true}]}}