{"id":2999,"date":"2022-08-15T12:58:29","date_gmt":"2022-08-15T17:58:29","guid":{"rendered":"http:\/\/mariabelenjewelry.com\/?post_type=product&#038;p=2999"},"modified":"2026-01-31T13:05:54","modified_gmt":"2026-01-31T18:05:54","slug":"anillo-corazon-intuitivo-brillo","status":"publish","type":"product","link":"https:\/\/mariabelenjewelry.com\/es\/producto\/anillo-corazon-intuitivo-brillo\/","title":{"rendered":"Anillo Coraz\u00f3n Intuitivo Brillo"},"content":{"rendered":"<div><span dir=\"auto\" style=\"vertical-align: inherit;\"><span dir=\"auto\" style=\"vertical-align: inherit;\">Del\u00e9itate con la exquisita belleza del Anillo Coraz\u00f3n Intuitivo de la Colecci\u00f3n de Joyer\u00eda M\u00e9xico Coraz\u00f3n de Mar\u00eda Bel\u00e9n, una fiel muestra artesanal del mundo de la alta joyer\u00eda y la joyer\u00eda fina. Meticulosamente elaborado a mano en M\u00e9xico con plata .925, este anillo muestra una maestr\u00eda excepcional en su elaboraci\u00f3n. La t\u00e9cnica de troquelado empleada en su creaci\u00f3n da como resultado detalles intrincados que cautivan la vista, mientras que el acabado brillante agrega un toque de luz, elevando su encanto.<\/span><\/span><\/div>\n<div><\/div>\n<div><span dir=\"auto\" style=\"vertical-align: inherit;\"><span dir=\"auto\" style=\"vertical-align: inherit;\">Experimente la esencia de la joyer\u00eda de dise\u00f1o exclusivo con Mar\u00eda Bel\u00e9n Nilson, reconocida por sus piezas \u00fanicas hechas a mano y joyer\u00eda de lujo de dise\u00f1o. Con el compromiso de ofrecer joyer\u00eda de alta calidad que trascienden las tendencias, cada creaci\u00f3n es un fiel reflejo de su experiencia y pasi\u00f3n por la artesan\u00eda exquisita.<\/span><\/span><\/div>\n<div><\/div>\n<div><span dir=\"auto\" style=\"vertical-align: inherit;\"><span dir=\"auto\" style=\"vertical-align: inherit;\">El dise\u00f1o del Anillo Intuitivo de la Colecci\u00f3n M\u00e9xico Coraz\u00f3n es una celebraci\u00f3n de s\u00edmbolos atemporales y figuras universales. El c\u00edrculo y el coraz\u00f3n tienen un significado profundo, representan la esencia de la comunicaci\u00f3n y dan un prop\u00f3sito a nuestro viaje. Este anillo es una opci\u00f3n ideal para la mujer so\u00f1adora y rom\u00e1ntica que acepta su verdadero yo y sigue su intuici\u00f3n. Simboliza su capacidad de escuchar su coraz\u00f3n, permiti\u00e9ndole reconocer la perfecci\u00f3n divina en todo.<\/span><\/span><\/div>\n<div><\/div>\n<div><span dir=\"auto\" style=\"vertical-align: inherit;\"><span dir=\"auto\" style=\"vertical-align: inherit;\">Este hermoso anillo es perfecto para el d\u00eda a d\u00eda, complementa sin esfuerzo cualquier atuendo y realza tu estilo personal. Pasa sin problemas de ocasiones informales a eventos m\u00e1s formales, lo que lo convierte en un accesorio vers\u00e1til para cada momento. La cautivadora combinaci\u00f3n de simbolismo y arte excepcional hacen de este anillo un excelente ejemplo de joyer\u00eda de alta costura.<\/span><\/span><\/div>\n<div><\/div>\n<div><span dir=\"auto\" style=\"vertical-align: inherit;\"><span dir=\"auto\" style=\"vertical-align: inherit;\">Para garantizar la longevidad de esta pieza excepcional, el cuidado adecuado es esencial. Recomendamos limpiar el anillo con una franela suave para mantener su brillo radiante. Es recomendable evitar el contacto directo con perfumes, cremas, lociones, cosm\u00e9ticos y soluciones salinas, ya que estas sustancias pueden afectar la integridad de la plata y su acabado brillante.<\/span><\/span><\/div>\n<div><\/div>\n<div><span dir=\"auto\" style=\"vertical-align: inherit;\"><span dir=\"auto\" style=\"vertical-align: inherit;\">Como marca de dise\u00f1adora mexicana, Mar\u00eda Bel\u00e9n Joyer\u00eda no ofrece solo joyas de dise\u00f1ador exclusivas, sino tambi\u00e9n una oportunidad para adquirir joyas de dise\u00f1ador al por mayor. Con su enfoque en alta joyer\u00eda y joyer\u00eda fina, se han establecido como un dise\u00f1ador mexicano l\u00edder en la industria que te permitir\u00e1 elevar tu inventario con estas piezas \u00fanicas hechas a mano, que muestran la dedicaci\u00f3n de la marca al dise\u00f1o lujoso y la artesan\u00eda excepcional.<\/span><\/span><\/div>\n<div><\/div>\n<div><span dir=\"auto\" style=\"vertical-align: inherit;\"><span dir=\"auto\" style=\"vertical-align: inherit;\">Sum\u00e9rgete en el encanto del Anillo de la Colecci\u00f3n de Joyer\u00eda M\u00e9xico Coraz\u00f3n de Mar\u00eda Bel\u00e9n. Celebre la fusi\u00f3n del arte, el simbolismo y la artesan\u00eda superior. Con su dise\u00f1o atemporal y su profundo significado, este anillo lo invita a abrazar su individualidad y reconocer la perfecci\u00f3n divina en su interior. Experimente la esencia de la joyer\u00eda de alta moda con Mar\u00eda Bel\u00e9n Joyer\u00eda, donde cada pieza se elabora meticulosamente para cautivar corazones e inspirar asombro.<\/span><\/span><\/div>\n","protected":false},"excerpt":{"rendered":"<p><span dir=\"auto\" style=\"vertical-align: inherit;\"><span dir=\"auto\" style=\"vertical-align: inherit;\">Anillo de la Colecci\u00f3n M\u00e9xico Coraz\u00f3n de Mar\u00eda Bel\u00e9n Jewelry, elaborados en Plata .925, t\u00e9cnica troquelado, acabado brillo. Hecho a mano en M\u00e9xico, de manera artesanal.<\/span><\/span><\/p>\n<p><span dir=\"auto\" style=\"vertical-align: inherit;\"><span dir=\"auto\" style=\"vertical-align: inherit;\">Bello anillo ideal para el d\u00eda a d\u00eda. El c\u00edrculo y el coraz\u00f3n son s\u00edmbolos universales, figuras geom\u00e9tricas que nos han acompa\u00f1ado desde milenios, con las cuales nos comunicamos y dotamos de significado nuestro andar. Este anillo son perfectos para la mujer so\u00f1adora, rom\u00e1ntico, fiel a s\u00ed misma, intuitiva y capaz de escuchar a su coraz\u00f3n. S\u00f3lo tienes que sentir con el coraz\u00f3n, todo es divino y es perfecto.<\/span><\/span><\/p>\n<p><span dir=\"auto\" style=\"vertical-align: inherit;\"><span dir=\"auto\" style=\"vertical-align: inherit;\">Para mantener el cuidado de esta pieza recomendamos, limpiar con una franela, evitar el contacto directo con perfumes, cremas, lociones, cosm\u00e9ticos y soluciones salinas.<\/span><\/span><\/p>\n","protected":false},"featured_media":2978,"comment_status":"open","ping_status":"closed","template":"","meta":[],"product_brand":[],"product_cat":[74,76,75,122],"product_tag":[85,83,82,86,91,89,88,87,90],"class_list":{"0":"post-2999","1":"product","2":"type-product","3":"status-publish","4":"has-post-thumbnail","6":"product_cat-colecciones","7":"product_cat-anillos","8":"product_cat-joyeria","9":"product_cat-mexico-corazones-colecciones","10":"product_tag-ajewelforlife","11":"product_tag-hechoamano","12":"product_tag-hechoenmexico","13":"product_tag-mariabelenjewelry","14":"product_tag-platamexicana","15":"product_tag-realizamosenvios","16":"product_tag-shoponline","17":"product_tag-silverjewelry","18":"product_tag-thebestgift","20":"first","21":"instock","22":"taxable","23":"shipping-taxable","24":"purchasable","25":"product-type-simple"},"_links":{"self":[{"href":"https:\/\/mariabelenjewelry.com\/es\/wp-json\/wp\/v2\/product\/2999","targetHints":{"allow":["GET"]}}],"collection":[{"href":"https:\/\/mariabelenjewelry.com\/es\/wp-json\/wp\/v2\/product"}],"about":[{"href":"https:\/\/mariabelenjewelry.com\/es\/wp-json\/wp\/v2\/types\/product"}],"replies":[{"embeddable":true,"href":"https:\/\/mariabelenjewelry.com\/es\/wp-json\/wp\/v2\/comments?post=2999"}],"wp:featuredmedia":[{"embeddable":true,"href":"https:\/\/mariabelenjewelry.com\/es\/wp-json\/wp\/v2\/media\/2978"}],"wp:attachment":[{"href":"https:\/\/mariabelenjewelry.com\/es\/wp-json\/wp\/v2\/media?parent=2999"}],"wp:term":[{"taxonomy":"product_brand","embeddable":true,"href":"https:\/\/mariabelenjewelry.com\/es\/wp-json\/wp\/v2\/product_brand?post=2999"},{"taxonomy":"product_cat","embeddable":true,"href":"https:\/\/mariabelenjewelry.com\/es\/wp-json\/wp\/v2\/product_cat?post=2999"},{"taxonomy":"product_tag","embeddable":true,"href":"https:\/\/mariabelenjewelry.com\/es\/wp-json\/wp\/v2\/product_tag?post=2999"}],"curies":[{"name":"wp","href":"https:\/\/api.w.org\/{rel}","templated":true}]}}