{"id":3574,"date":"2023-02-08T14:01:49","date_gmt":"2023-02-08T19:01:49","guid":{"rendered":"http:\/\/mariabelenjewelry.com\/?post_type=product&#038;p=3574"},"modified":"2026-01-31T13:04:19","modified_gmt":"2026-01-31T18:04:19","slug":"anillo-corazon-intuitivo-brillo-grande","status":"publish","type":"product","link":"https:\/\/mariabelenjewelry.com\/es\/producto\/anillo-corazon-intuitivo-brillo-grande\/","title":{"rendered":"Anillo Coraz\u00f3n Intuitivo Brillo Grande"},"content":{"rendered":"<div><span dir=\"auto\" style=\"vertical-align: inherit;\"><span dir=\"auto\" style=\"vertical-align: inherit;\">Eleva tu estilo con el exquisito Anillo Coraz\u00f3n Intuitivo de la Colecci\u00f3n de Joyer\u00eda M\u00e9xico Coraz\u00f3n de Mar\u00eda Bel\u00e9n, un verdadero testimonio del mundo de la joyer\u00eda exclusiva de dise\u00f1ador. Meticulosamente elaborado a mano en M\u00e9xico con plata fina .925, este anillo muestra un arte y un dise\u00f1o impecables. Empleando una t\u00e9cnica de troquelado, cada detalle intrincado se elabora meticulosamente, lo que da como resultado una impresionante obra maestra que emana sofisticaci\u00f3n. El acabado brillante a\u00f1ade un toque de brillo, realzando el encanto de esta pieza excepcional.<\/span><\/span><\/div>\n<div><\/div>\n<div><span dir=\"auto\" style=\"vertical-align: inherit;\"><span dir=\"auto\" style=\"vertical-align: inherit;\">Este hermoso anillo no es solo un accesorio elegante, sino tambi\u00e9n una representaci\u00f3n de la dedicaci\u00f3n de la marca a la joyer\u00eda de lujo de dise\u00f1ador. Mar\u00eda Bel\u00e9n Nilson es reconocida por sus piezas \u00fanicas hechas a mano y su artesan\u00eda excepcional. Cada creaci\u00f3n refleja el compromiso de la marca de ofrecer dise\u00f1os distintivos y de alta calidad que trascienden las tendencias y dejan una impresi\u00f3n duradera.<\/span><\/span><\/div>\n<div><\/div>\n<div><span dir=\"auto\" style=\"vertical-align: inherit;\"><span dir=\"auto\" style=\"vertical-align: inherit;\">El dise\u00f1o del Anillo de la Colecci\u00f3n M\u00e9xico Coraz\u00f3n abraza s\u00edmbolos universales y figuras geom\u00e9tricas que han perdurado durante milenios. El c\u00edrculo y el coraz\u00f3n son representaciones atemporales de profundo significado y prop\u00f3sito. Sirven como un lenguaje a trav\u00e9s del cual nos comunicamos y le damos significado a nuestro viaje. Este anillo es perfecto para la mujer so\u00f1adora y rom\u00e1ntica que se mantiene fiel a s\u00ed misma, guiada por la intuici\u00f3n y la sabidur\u00eda de su coraz\u00f3n. Su belleza simb\u00f3lica invita a los usuarios a abrazar sus deseos m\u00e1s \u00edntimos y reconocer la perfecci\u00f3n divina en cada aspecto de sus vidas.<\/span><\/span><\/div>\n<div><\/div>\n<div><span dir=\"auto\" style=\"vertical-align: inherit;\"><span dir=\"auto\" style=\"vertical-align: inherit;\">Ideal para el d\u00eda a d\u00eda, este impresionante anillo complementa sin esfuerzo cualquier conjunto. Su versatilidad le permite pasar sin problemas de salidas informales a ocasiones formales, lo que lo convierte en una pieza preciada para cada momento. La cautivadora combinaci\u00f3n de formas simb\u00f3licas y la exquisita artesan\u00eda lo convierte en una verdadera pieza de joyer\u00eda de alta moda.<\/span><\/span><\/div>\n<div><\/div>\n<div><span dir=\"auto\" style=\"vertical-align: inherit;\"><span dir=\"auto\" style=\"vertical-align: inherit;\">Para preservar la condici\u00f3n pr\u00edstina de este extraordinario anillo, el cuidado adecuado es esencial. Recomendamos limpiarlo con una franela suave para mantener su brillo radiante. Es importante evitar el contacto directo con perfumes, cremas, lociones, cosm\u00e9ticos y soluciones salinas, ya que estas sustancias pueden afectar la integridad de la plata y su acabado brillante.<\/span><\/span><\/div>\n<div><\/div>\n<div><span dir=\"auto\" style=\"vertical-align: inherit;\"><span dir=\"auto\" style=\"vertical-align: inherit;\">Como marca de dise\u00f1ador mexicano, Mar\u00eda Bel\u00e9n Jewelry no ofrece solo joyas de dise\u00f1ador exclusivas, sino tambi\u00e9n una oportunidad para adquirir <\/span><\/span><a href=\"https:\/\/www.mbndesigns.com\/\" rel=\"nofollow noopener\" target=\"_blank\"><span dir=\"auto\" style=\"vertical-align: inherit;\"><span dir=\"auto\" style=\"vertical-align: inherit;\">joyer\u00eda mexicana al mayoreo<\/span><\/span><\/a><span dir=\"auto\" style=\"vertical-align: inherit;\"><span dir=\"auto\" style=\"vertical-align: inherit;\"> . Su compromiso de ofrecer una artesan\u00eda excepcional y piezas \u00fanicas hechas a mano los ha posicionado como un nombre l\u00edder en la industria. Eleve su inventario con esta obra maestra de joyer\u00eda fina de la colecci\u00f3n de joyer\u00eda M\u00e9xico Coraz\u00f3n de Mar\u00eda Bel\u00e9n, que muestra la dedicaci\u00f3n de la marca al dise\u00f1o lujoso, el arte impecable y la esencia de la alta joyer\u00eda mexicana.<\/span><\/span><\/div>\n<div><\/div>\n<div><span dir=\"auto\" style=\"vertical-align: inherit;\"><span dir=\"auto\" style=\"vertical-align: inherit;\">Sum\u00e9rjase en el encanto de este anillo cautivador que celebra la fusi\u00f3n del arte y la artesan\u00eda. Con su exquisito dise\u00f1o y profundo simbolismo, sirve como un recordatorio para abrazar la divinidad interior y reconocer la perfecci\u00f3n que existe cuando escuchamos los susurros de nuestros corazones. El Anillo de la Colecci\u00f3n de Joyer\u00eda M\u00e9xico Coraz\u00f3n de Mar\u00eda Bel\u00e9n es una invitaci\u00f3n a elevar tu estilo y abrazar lo extraordinario en cada momento.<\/span><\/span><\/div>\n","protected":false},"excerpt":{"rendered":"<p><span dir=\"auto\" style=\"vertical-align: inherit;\"><span dir=\"auto\" style=\"vertical-align: inherit;\">Anillo de la Colecci\u00f3n M\u00e9xico Coraz\u00f3n de Mar\u00eda Bel\u00e9n Jewelry, elaborados en Plata .925, t\u00e9cnica troquelado, acabado brillo. Hecho a mano en M\u00e9xico, de manera artesanal.<\/span><\/span><\/p>\n<p><span dir=\"auto\" style=\"vertical-align: inherit;\"><span dir=\"auto\" style=\"vertical-align: inherit;\">Bello anillo ideal para el d\u00eda a d\u00eda. El c\u00edrculo y el coraz\u00f3n son s\u00edmbolos universales, figuras geom\u00e9tricas que nos han acompa\u00f1ado desde milenios, con las cuales nos comunicamos y dotamos de significado nuestro andar. Este anillo son perfectos para la mujer so\u00f1adora, rom\u00e1ntico, fiel a s\u00ed misma, intuitiva y capaz de escuchar a su coraz\u00f3n. S\u00f3lo tienes que sentir con el coraz\u00f3n, todo es divino y es perfecto.<\/span><\/span><\/p>\n<p><span dir=\"auto\" style=\"vertical-align: inherit;\"><span dir=\"auto\" style=\"vertical-align: inherit;\">Para mantener el cuidado de esta pieza recomendamos, limpiar con una franela, evitar el contacto directo con perfumes, cremas, lociones, cosm\u00e9ticos y soluciones salinas.<\/span><\/span><\/p>\n","protected":false},"featured_media":3575,"comment_status":"closed","ping_status":"closed","template":"","meta":[],"product_brand":[],"product_cat":[76,74,75,122],"product_tag":[85,83,82,86,91,89,88,87,90],"class_list":{"0":"post-3574","1":"product","2":"type-product","3":"status-publish","4":"has-post-thumbnail","6":"product_cat-anillos","7":"product_cat-colecciones","8":"product_cat-joyeria","9":"product_cat-mexico-corazones-colecciones","10":"product_tag-ajewelforlife","11":"product_tag-hechoamano","12":"product_tag-hechoenmexico","13":"product_tag-mariabelenjewelry","14":"product_tag-platamexicana","15":"product_tag-realizamosenvios","16":"product_tag-shoponline","17":"product_tag-silverjewelry","18":"product_tag-thebestgift","20":"first","21":"instock","22":"taxable","23":"shipping-taxable","24":"purchasable","25":"product-type-simple"},"_links":{"self":[{"href":"https:\/\/mariabelenjewelry.com\/es\/wp-json\/wp\/v2\/product\/3574","targetHints":{"allow":["GET"]}}],"collection":[{"href":"https:\/\/mariabelenjewelry.com\/es\/wp-json\/wp\/v2\/product"}],"about":[{"href":"https:\/\/mariabelenjewelry.com\/es\/wp-json\/wp\/v2\/types\/product"}],"replies":[{"embeddable":true,"href":"https:\/\/mariabelenjewelry.com\/es\/wp-json\/wp\/v2\/comments?post=3574"}],"wp:featuredmedia":[{"embeddable":true,"href":"https:\/\/mariabelenjewelry.com\/es\/wp-json\/wp\/v2\/media\/3575"}],"wp:attachment":[{"href":"https:\/\/mariabelenjewelry.com\/es\/wp-json\/wp\/v2\/media?parent=3574"}],"wp:term":[{"taxonomy":"product_brand","embeddable":true,"href":"https:\/\/mariabelenjewelry.com\/es\/wp-json\/wp\/v2\/product_brand?post=3574"},{"taxonomy":"product_cat","embeddable":true,"href":"https:\/\/mariabelenjewelry.com\/es\/wp-json\/wp\/v2\/product_cat?post=3574"},{"taxonomy":"product_tag","embeddable":true,"href":"https:\/\/mariabelenjewelry.com\/es\/wp-json\/wp\/v2\/product_tag?post=3574"}],"curies":[{"name":"wp","href":"https:\/\/api.w.org\/{rel}","templated":true}]}}