{"id":3600,"date":"2023-04-24T18:19:07","date_gmt":"2023-04-24T23:19:07","guid":{"rendered":"http:\/\/mariabelenjewelry.com\/?post_type=product&#038;p=3600"},"modified":"2026-01-31T13:02:39","modified_gmt":"2026-01-31T18:02:39","slug":"arete-ojo-magico-1","status":"publish","type":"product","link":"https:\/\/mariabelenjewelry.com\/es\/producto\/arete-ojo-magico-1\/","title":{"rendered":"Arete Ojo M\u00e1gico 1"},"content":{"rendered":"","protected":false},"excerpt":{"rendered":"<p><span dir=\"auto\" style=\"vertical-align: inherit;\"><span dir=\"auto\" style=\"vertical-align: inherit;\">Arete de la Colecci\u00f3n Holistica de Mar\u00eda Bel\u00e9n Jewelry, elaborado en Plata .925, t\u00e9cnica cincelado, acabado \u00f3xido mate. Hecho a mano en M\u00e9xico, de manera artesanal.<\/span><\/span><\/p>\n<p><span dir=\"auto\" style=\"vertical-align: inherit;\"><span dir=\"auto\" style=\"vertical-align: inherit;\">Para mantener el cuidado de esta pieza recomendamos, limpiar con una franela, evitar el contacto directo con perfumes, cremas, lociones, cosm\u00e9ticos y soluciones salinas.<\/span><\/span><\/p>\n","protected":false},"featured_media":3603,"comment_status":"closed","ping_status":"closed","template":"","meta":[],"product_brand":[],"product_cat":[77,74,308],"product_tag":[85,83,82,86,91,89,88,87,90],"class_list":{"0":"post-3600","1":"product","2":"type-product","3":"status-publish","4":"has-post-thumbnail","6":"product_cat-aretes","7":"product_cat-colecciones","8":"product_cat-holistica","9":"product_tag-ajewelforlife","10":"product_tag-hechoamano","11":"product_tag-hechoenmexico","12":"product_tag-mariabelenjewelry","13":"product_tag-platamexicana","14":"product_tag-realizamosenvios","15":"product_tag-shoponline","16":"product_tag-silverjewelry","17":"product_tag-thebestgift","19":"first","20":"instock","21":"taxable","22":"shipping-taxable","23":"purchasable","24":"product-type-simple"},"_links":{"self":[{"href":"https:\/\/mariabelenjewelry.com\/es\/wp-json\/wp\/v2\/product\/3600","targetHints":{"allow":["GET"]}}],"collection":[{"href":"https:\/\/mariabelenjewelry.com\/es\/wp-json\/wp\/v2\/product"}],"about":[{"href":"https:\/\/mariabelenjewelry.com\/es\/wp-json\/wp\/v2\/types\/product"}],"replies":[{"embeddable":true,"href":"https:\/\/mariabelenjewelry.com\/es\/wp-json\/wp\/v2\/comments?post=3600"}],"wp:featuredmedia":[{"embeddable":true,"href":"https:\/\/mariabelenjewelry.com\/es\/wp-json\/wp\/v2\/media\/3603"}],"wp:attachment":[{"href":"https:\/\/mariabelenjewelry.com\/es\/wp-json\/wp\/v2\/media?parent=3600"}],"wp:term":[{"taxonomy":"product_brand","embeddable":true,"href":"https:\/\/mariabelenjewelry.com\/es\/wp-json\/wp\/v2\/product_brand?post=3600"},{"taxonomy":"product_cat","embeddable":true,"href":"https:\/\/mariabelenjewelry.com\/es\/wp-json\/wp\/v2\/product_cat?post=3600"},{"taxonomy":"product_tag","embeddable":true,"href":"https:\/\/mariabelenjewelry.com\/es\/wp-json\/wp\/v2\/product_tag?post=3600"}],"curies":[{"name":"wp","href":"https:\/\/api.w.org\/{rel}","templated":true}]}}