{"id":3887,"date":"2023-07-04T15:04:50","date_gmt":"2023-07-04T20:04:50","guid":{"rendered":"http:\/\/mariabelenjewelry.com\/?post_type=product&#038;p=3887"},"modified":"2026-01-31T12:51:13","modified_gmt":"2026-01-31T17:51:13","slug":"anillo-espejo-7","status":"publish","type":"product","link":"https:\/\/mariabelenjewelry.com\/es\/producto\/anillo-espejo-7\/","title":{"rendered":"Anillo Espejo 7"},"content":{"rendered":"<p>Joyer\u00eda de autor, dise\u00f1os originales de Mar\u00eda Bel\u00e9n Jewelry.<\/p>\n<p>Presentamos el Anillo Espejo 7 de la exquisita Colecci\u00f3n Espejo por Mar\u00eda Bel\u00e9n Jewelry, una aut\u00e9ntica obra maestra en el mundo de la joyer\u00eda de dise\u00f1o exclusivo. Elaborada con la m\u00e1xima precisi\u00f3n y pasi\u00f3n, esta pieza \u00fanica hecha a mano muestra el arte inigualable del dise\u00f1o mexicano, estableciendo nuevos est\u00e1ndares de alta joyer\u00eda y accesorios de lujo.<\/p>\n","protected":false},"excerpt":{"rendered":"<p>Anillo Espejo 7 de la Colecci\u00f3n Espejo de Mar\u00eda Bel\u00e9n Jewelry, elaborado en Plata .925, t\u00e9cnica vaciado en cera, acabado brillante. Hecho a mano en M\u00e9xico, de manera artesanal.<br \/>\nPara mantener el cuidado de esta pieza recomendamos, limpiar con una franela, evitar el contacto directo con perfumes, cremas, lociones, cosm\u00e9ticos y soluciones salinas.<\/p>\n","protected":false},"featured_media":4054,"comment_status":"closed","ping_status":"closed","template":"","meta":[],"product_brand":[],"product_cat":[74,76,71,75],"product_tag":[85,83,82,86,91,89,88,87,90],"class_list":{"0":"post-3887","1":"product","2":"type-product","3":"status-publish","4":"has-post-thumbnail","6":"product_cat-colecciones","7":"product_cat-anillos","8":"product_cat-espejo","9":"product_cat-joyeria","10":"product_tag-ajewelforlife","11":"product_tag-hechoamano","12":"product_tag-hechoenmexico","13":"product_tag-mariabelenjewelry","14":"product_tag-platamexicana","15":"product_tag-realizamosenvios","16":"product_tag-shoponline","17":"product_tag-silverjewelry","18":"product_tag-thebestgift","20":"first","21":"instock","22":"taxable","23":"shipping-taxable","24":"purchasable","25":"product-type-variable","26":"has-default-attributes"},"_links":{"self":[{"href":"https:\/\/mariabelenjewelry.com\/es\/wp-json\/wp\/v2\/product\/3887","targetHints":{"allow":["GET"]}}],"collection":[{"href":"https:\/\/mariabelenjewelry.com\/es\/wp-json\/wp\/v2\/product"}],"about":[{"href":"https:\/\/mariabelenjewelry.com\/es\/wp-json\/wp\/v2\/types\/product"}],"replies":[{"embeddable":true,"href":"https:\/\/mariabelenjewelry.com\/es\/wp-json\/wp\/v2\/comments?post=3887"}],"wp:featuredmedia":[{"embeddable":true,"href":"https:\/\/mariabelenjewelry.com\/es\/wp-json\/wp\/v2\/media\/4054"}],"wp:attachment":[{"href":"https:\/\/mariabelenjewelry.com\/es\/wp-json\/wp\/v2\/media?parent=3887"}],"wp:term":[{"taxonomy":"product_brand","embeddable":true,"href":"https:\/\/mariabelenjewelry.com\/es\/wp-json\/wp\/v2\/product_brand?post=3887"},{"taxonomy":"product_cat","embeddable":true,"href":"https:\/\/mariabelenjewelry.com\/es\/wp-json\/wp\/v2\/product_cat?post=3887"},{"taxonomy":"product_tag","embeddable":true,"href":"https:\/\/mariabelenjewelry.com\/es\/wp-json\/wp\/v2\/product_tag?post=3887"}],"curies":[{"name":"wp","href":"https:\/\/api.w.org\/{rel}","templated":true}]}}