{"id":4127,"date":"2024-02-01T11:47:34","date_gmt":"2024-02-01T16:47:34","guid":{"rendered":"http:\/\/mariabelenjewelry.com\/?post_type=product&#038;p=4127"},"modified":"2026-01-31T12:47:26","modified_gmt":"2026-01-31T17:47:26","slug":"brazalete-tribal-6-chico","status":"publish","type":"product","link":"https:\/\/mariabelenjewelry.com\/es\/producto\/brazalete-tribal-6-chico\/","title":{"rendered":"Brazalete Tribal 6 Chico"},"content":{"rendered":"<p><span dir=\"auto\" style=\"vertical-align: inherit;\"><span dir=\"auto\" style=\"vertical-align: inherit;\">La medida interna de este brazalete es de 16 cm, siendo esta una medida est\u00e1ndar. No puede ajustarse (abrirse y\/o cerrarse) demasiado, por lo que si requiere una medida especial, por favor cont\u00e1ctenos.<\/span><\/span><\/p>\n","protected":false},"excerpt":{"rendered":"<p><span dir=\"auto\" style=\"vertical-align: inherit;\"><span dir=\"auto\" style=\"vertical-align: inherit;\">Brazalete de la Colecci\u00f3n Tribal de Mar\u00eda Bel\u00e9n Jewelry, elaborado en Plata .925, t\u00e9cnica calado y sochapado, acabado oxidado y brillante. Hecho a mano en M\u00e9xico, de manera artesanal.<\/span><\/span><\/p>\n<p><span dir=\"auto\" style=\"vertical-align: inherit;\"><span dir=\"auto\" style=\"vertical-align: inherit;\">Para mantener el cuidado de esta pieza recomendamos, limpiar con una franela, evitar el contacto directo con perfumes, cremas, lociones, cosm\u00e9ticos y soluciones salinas.<\/span><\/span><\/p>\n","protected":false},"featured_media":4113,"comment_status":"closed","ping_status":"closed","template":"","meta":[],"product_brand":[],"product_cat":[74,79,75,73],"product_tag":[85,83,82,86,91,89,88,87,90],"class_list":{"0":"post-4127","1":"product","2":"type-product","3":"status-publish","4":"has-post-thumbnail","6":"product_cat-colecciones","7":"product_cat-brazaletes","8":"product_cat-joyeria","9":"product_cat-tribal","10":"product_tag-ajewelforlife","11":"product_tag-hechoamano","12":"product_tag-hechoenmexico","13":"product_tag-mariabelenjewelry","14":"product_tag-platamexicana","15":"product_tag-realizamosenvios","16":"product_tag-shoponline","17":"product_tag-silverjewelry","18":"product_tag-thebestgift","20":"first","21":"instock","22":"taxable","23":"shipping-taxable","24":"purchasable","25":"product-type-simple"},"_links":{"self":[{"href":"https:\/\/mariabelenjewelry.com\/es\/wp-json\/wp\/v2\/product\/4127","targetHints":{"allow":["GET"]}}],"collection":[{"href":"https:\/\/mariabelenjewelry.com\/es\/wp-json\/wp\/v2\/product"}],"about":[{"href":"https:\/\/mariabelenjewelry.com\/es\/wp-json\/wp\/v2\/types\/product"}],"replies":[{"embeddable":true,"href":"https:\/\/mariabelenjewelry.com\/es\/wp-json\/wp\/v2\/comments?post=4127"}],"wp:featuredmedia":[{"embeddable":true,"href":"https:\/\/mariabelenjewelry.com\/es\/wp-json\/wp\/v2\/media\/4113"}],"wp:attachment":[{"href":"https:\/\/mariabelenjewelry.com\/es\/wp-json\/wp\/v2\/media?parent=4127"}],"wp:term":[{"taxonomy":"product_brand","embeddable":true,"href":"https:\/\/mariabelenjewelry.com\/es\/wp-json\/wp\/v2\/product_brand?post=4127"},{"taxonomy":"product_cat","embeddable":true,"href":"https:\/\/mariabelenjewelry.com\/es\/wp-json\/wp\/v2\/product_cat?post=4127"},{"taxonomy":"product_tag","embeddable":true,"href":"https:\/\/mariabelenjewelry.com\/es\/wp-json\/wp\/v2\/product_tag?post=4127"}],"curies":[{"name":"wp","href":"https:\/\/api.w.org\/{rel}","templated":true}]}}