{"id":446,"date":"2020-06-23T20:50:12","date_gmt":"2020-06-24T01:50:12","guid":{"rendered":"http:\/\/mariabelenjewelry.com\/?post_type=product&#038;p=446"},"modified":"2026-01-31T14:55:32","modified_gmt":"2026-01-31T19:55:32","slug":"anillo-tribal-1","status":"publish","type":"product","link":"https:\/\/mariabelenjewelry.com\/es\/producto\/anillo-tribal-1\/","title":{"rendered":"Anillo Tribal 2"},"content":{"rendered":"","protected":false},"excerpt":{"rendered":"<p>Anillo de la Colecci\u00f3n Tribal de Mar\u00eda Bel\u00e9n Jewelry, elaborado en Plata .925, cada alambre es soldado y trenzado de manera individual, acabado oxidado y brillante. Hecho a mano en M\u00e9xico, de manera artesanal.<\/p>\n<p>Para mantener el cuidado de esta pieza recomendamos, limpiar con una franela, evitar el contacto directo con perfumes, cremas, lociones, cosm\u00e9ticos y soluciones salinas.<\/p>\n<p>&nbsp;<\/p>\n","protected":false},"featured_media":464,"comment_status":"open","ping_status":"closed","template":"","meta":[],"product_brand":[],"product_cat":[73,76],"product_tag":[85,83,82,86,91,89,88,87,90],"class_list":{"0":"post-446","1":"product","2":"type-product","3":"status-publish","4":"has-post-thumbnail","6":"product_cat-tribal","7":"product_cat-anillos","8":"product_tag-ajewelforlife","9":"product_tag-hechoamano","10":"product_tag-hechoenmexico","11":"product_tag-mariabelenjewelry","12":"product_tag-platamexicana","13":"product_tag-realizamosenvios","14":"product_tag-shoponline","15":"product_tag-silverjewelry","16":"product_tag-thebestgift","18":"first","19":"instock","20":"taxable","21":"shipping-taxable","22":"purchasable","23":"product-type-variable"},"_links":{"self":[{"href":"https:\/\/mariabelenjewelry.com\/es\/wp-json\/wp\/v2\/product\/446","targetHints":{"allow":["GET"]}}],"collection":[{"href":"https:\/\/mariabelenjewelry.com\/es\/wp-json\/wp\/v2\/product"}],"about":[{"href":"https:\/\/mariabelenjewelry.com\/es\/wp-json\/wp\/v2\/types\/product"}],"replies":[{"embeddable":true,"href":"https:\/\/mariabelenjewelry.com\/es\/wp-json\/wp\/v2\/comments?post=446"}],"wp:featuredmedia":[{"embeddable":true,"href":"https:\/\/mariabelenjewelry.com\/es\/wp-json\/wp\/v2\/media\/464"}],"wp:attachment":[{"href":"https:\/\/mariabelenjewelry.com\/es\/wp-json\/wp\/v2\/media?parent=446"}],"wp:term":[{"taxonomy":"product_brand","embeddable":true,"href":"https:\/\/mariabelenjewelry.com\/es\/wp-json\/wp\/v2\/product_brand?post=446"},{"taxonomy":"product_cat","embeddable":true,"href":"https:\/\/mariabelenjewelry.com\/es\/wp-json\/wp\/v2\/product_cat?post=446"},{"taxonomy":"product_tag","embeddable":true,"href":"https:\/\/mariabelenjewelry.com\/es\/wp-json\/wp\/v2\/product_tag?post=446"}],"curies":[{"name":"wp","href":"https:\/\/api.w.org\/{rel}","templated":true}]}}