{"id":496,"date":"2020-06-25T13:56:09","date_gmt":"2020-06-25T13:56:09","guid":{"rendered":"http:\/\/mariabelenjewelry.com\/?post_type=product&#038;p=496"},"modified":"2026-01-31T14:51:46","modified_gmt":"2026-01-31T19:51:46","slug":"arete-tribal-chico","status":"publish","type":"product","link":"https:\/\/mariabelenjewelry.com\/es\/producto\/arete-tribal-chico\/","title":{"rendered":"Arete Tribal Chico"},"content":{"rendered":"","protected":false},"excerpt":{"rendered":"<p>Arete de la Colecci\u00f3n Tribal de Mar\u00eda Bel\u00e9n Jewelry, elaborado en Plata .925, cada alambre es soldado de manera individual, acabado oxidado y brillante. Hecho a mano en M\u00e9xico, de manera artesanal.<\/p>\n<p>Para mantener el cuidado de esta pieza recomendamos, limpiar con una franela, evitar el contacto directo con perfumes, cremas, lociones, cosm\u00e9ticos y soluciones salinas.<\/p>\n","protected":false},"featured_media":494,"comment_status":"open","ping_status":"closed","template":"","meta":[],"product_brand":[],"product_cat":[73,77,74,75],"product_tag":[85,83,82,86,91,89,87,90],"class_list":{"0":"post-496","1":"product","2":"type-product","3":"status-publish","4":"has-post-thumbnail","6":"product_cat-tribal","7":"product_cat-aretes","8":"product_cat-colecciones","9":"product_cat-joyeria","10":"product_tag-ajewelforlife","11":"product_tag-hechoamano","12":"product_tag-hechoenmexico","13":"product_tag-mariabelenjewelry","14":"product_tag-platamexicana","15":"product_tag-realizamosenvios","16":"product_tag-silverjewelry","17":"product_tag-thebestgift","19":"first","20":"instock","21":"purchasable","22":"product-type-simple"},"_links":{"self":[{"href":"https:\/\/mariabelenjewelry.com\/es\/wp-json\/wp\/v2\/product\/496","targetHints":{"allow":["GET"]}}],"collection":[{"href":"https:\/\/mariabelenjewelry.com\/es\/wp-json\/wp\/v2\/product"}],"about":[{"href":"https:\/\/mariabelenjewelry.com\/es\/wp-json\/wp\/v2\/types\/product"}],"replies":[{"embeddable":true,"href":"https:\/\/mariabelenjewelry.com\/es\/wp-json\/wp\/v2\/comments?post=496"}],"wp:featuredmedia":[{"embeddable":true,"href":"https:\/\/mariabelenjewelry.com\/es\/wp-json\/wp\/v2\/media\/494"}],"wp:attachment":[{"href":"https:\/\/mariabelenjewelry.com\/es\/wp-json\/wp\/v2\/media?parent=496"}],"wp:term":[{"taxonomy":"product_brand","embeddable":true,"href":"https:\/\/mariabelenjewelry.com\/es\/wp-json\/wp\/v2\/product_brand?post=496"},{"taxonomy":"product_cat","embeddable":true,"href":"https:\/\/mariabelenjewelry.com\/es\/wp-json\/wp\/v2\/product_cat?post=496"},{"taxonomy":"product_tag","embeddable":true,"href":"https:\/\/mariabelenjewelry.com\/es\/wp-json\/wp\/v2\/product_tag?post=496"}],"curies":[{"name":"wp","href":"https:\/\/api.w.org\/{rel}","templated":true}]}}