{"id":513,"date":"2020-06-25T14:38:02","date_gmt":"2020-06-25T19:38:02","guid":{"rendered":"http:\/\/mariabelenjewelry.com\/?post_type=product&#038;p=513"},"modified":"2026-01-31T14:48:50","modified_gmt":"2026-01-31T19:48:50","slug":"collar-tribal","status":"publish","type":"product","link":"https:\/\/mariabelenjewelry.com\/es\/producto\/collar-tribal\/","title":{"rendered":"Collar Tribal"},"content":{"rendered":"","protected":false},"excerpt":{"rendered":"<p>Collar de la Colecci\u00f3n Tribal de Mar\u00eda Bel\u00e9n Jewelry, elaborado en Plata .925, cada alambre es soldado de manera individual, acabado oxidado y brillante. Hecho a mano en M\u00e9xico, de manera artesanal.<\/p>\n<p>Para mantener el cuidado de esta pieza recomendamos, limpiar con una franela, evitar el contacto directo con perfumes, cremas, lociones, cosm\u00e9ticos y soluciones salinas.<\/p>\n","protected":false},"featured_media":3361,"comment_status":"open","ping_status":"closed","template":"","meta":[],"product_brand":[],"product_cat":[73,80],"product_tag":[85,83,82,86,91,89,88,87,90],"class_list":{"0":"post-513","1":"product","2":"type-product","3":"status-publish","4":"has-post-thumbnail","6":"product_cat-tribal","7":"product_cat-collares","8":"product_tag-ajewelforlife","9":"product_tag-hechoamano","10":"product_tag-hechoenmexico","11":"product_tag-mariabelenjewelry","12":"product_tag-platamexicana","13":"product_tag-realizamosenvios","14":"product_tag-shoponline","15":"product_tag-silverjewelry","16":"product_tag-thebestgift","18":"first","19":"instock","20":"taxable","21":"shipping-taxable","22":"purchasable","23":"product-type-simple"},"_links":{"self":[{"href":"https:\/\/mariabelenjewelry.com\/es\/wp-json\/wp\/v2\/product\/513","targetHints":{"allow":["GET"]}}],"collection":[{"href":"https:\/\/mariabelenjewelry.com\/es\/wp-json\/wp\/v2\/product"}],"about":[{"href":"https:\/\/mariabelenjewelry.com\/es\/wp-json\/wp\/v2\/types\/product"}],"replies":[{"embeddable":true,"href":"https:\/\/mariabelenjewelry.com\/es\/wp-json\/wp\/v2\/comments?post=513"}],"wp:featuredmedia":[{"embeddable":true,"href":"https:\/\/mariabelenjewelry.com\/es\/wp-json\/wp\/v2\/media\/3361"}],"wp:attachment":[{"href":"https:\/\/mariabelenjewelry.com\/es\/wp-json\/wp\/v2\/media?parent=513"}],"wp:term":[{"taxonomy":"product_brand","embeddable":true,"href":"https:\/\/mariabelenjewelry.com\/es\/wp-json\/wp\/v2\/product_brand?post=513"},{"taxonomy":"product_cat","embeddable":true,"href":"https:\/\/mariabelenjewelry.com\/es\/wp-json\/wp\/v2\/product_cat?post=513"},{"taxonomy":"product_tag","embeddable":true,"href":"https:\/\/mariabelenjewelry.com\/es\/wp-json\/wp\/v2\/product_tag?post=513"}],"curies":[{"name":"wp","href":"https:\/\/api.w.org\/{rel}","templated":true}]}}