{"id":608,"date":"2020-07-01T15:32:31","date_gmt":"2020-07-01T20:32:31","guid":{"rendered":"http:\/\/mariabelenjewelry.com\/?post_type=product&#038;p=608"},"modified":"2026-01-31T14:36:31","modified_gmt":"2026-01-31T19:36:31","slug":"arete-texturas-circulo-triple","status":"publish","type":"product","link":"https:\/\/mariabelenjewelry.com\/es\/producto\/arete-texturas-circulo-triple\/","title":{"rendered":"Arete Texturas C\u00edrculo 3"},"content":{"rendered":"<p>Arete Texturas C\u00edrculo 3<\/p>\n<p>Arete disponible en poste o clip<\/p>\n","protected":false},"excerpt":{"rendered":"<p>Arete de la Colecci\u00f3n Texturas de Mar\u00eda Bel\u00e9n Jewelry, elaborado en Plata .925, t\u00e9cnica reticulado, acabado brillante. Hecho a mano en M\u00e9xico, de manera artesanal.<\/p>\n<p>Para mantener el cuidado de esta pieza recomendamos, limpiar con una franela, evitar el contacto directo con perfumes, cremas, lociones, cosm\u00e9ticos y soluciones salinas.<\/p>\n","protected":false},"featured_media":575,"comment_status":"open","ping_status":"closed","template":"","meta":[],"product_brand":[],"product_cat":[72,77],"product_tag":[85,99,83,82,86,89,88,87,90],"class_list":{"0":"post-608","1":"product","2":"type-product","3":"status-publish","4":"has-post-thumbnail","6":"product_cat-texturas-colecciones","7":"product_cat-aretes","8":"product_tag-ajewelforlife","9":"product_tag-arete-texturas-circulo-triple","10":"product_tag-hechoamano","11":"product_tag-hechoenmexico","12":"product_tag-mariabelenjewelry","13":"product_tag-realizamosenvios","14":"product_tag-shoponline","15":"product_tag-silverjewelry","16":"product_tag-thebestgift","18":"first","19":"instock","20":"taxable","21":"shipping-taxable","22":"purchasable","23":"product-type-simple"},"_links":{"self":[{"href":"https:\/\/mariabelenjewelry.com\/es\/wp-json\/wp\/v2\/product\/608","targetHints":{"allow":["GET"]}}],"collection":[{"href":"https:\/\/mariabelenjewelry.com\/es\/wp-json\/wp\/v2\/product"}],"about":[{"href":"https:\/\/mariabelenjewelry.com\/es\/wp-json\/wp\/v2\/types\/product"}],"replies":[{"embeddable":true,"href":"https:\/\/mariabelenjewelry.com\/es\/wp-json\/wp\/v2\/comments?post=608"}],"wp:featuredmedia":[{"embeddable":true,"href":"https:\/\/mariabelenjewelry.com\/es\/wp-json\/wp\/v2\/media\/575"}],"wp:attachment":[{"href":"https:\/\/mariabelenjewelry.com\/es\/wp-json\/wp\/v2\/media?parent=608"}],"wp:term":[{"taxonomy":"product_brand","embeddable":true,"href":"https:\/\/mariabelenjewelry.com\/es\/wp-json\/wp\/v2\/product_brand?post=608"},{"taxonomy":"product_cat","embeddable":true,"href":"https:\/\/mariabelenjewelry.com\/es\/wp-json\/wp\/v2\/product_cat?post=608"},{"taxonomy":"product_tag","embeddable":true,"href":"https:\/\/mariabelenjewelry.com\/es\/wp-json\/wp\/v2\/product_tag?post=608"}],"curies":[{"name":"wp","href":"https:\/\/api.w.org\/{rel}","templated":true}]}}