{"id":627,"date":"2020-07-01T17:25:33","date_gmt":"2020-07-01T17:25:33","guid":{"rendered":"http:\/\/mariabelenjewelry.com\/?post_type=product&#038;p=627"},"modified":"2026-01-31T14:30:12","modified_gmt":"2026-01-31T19:30:12","slug":"anillo-texturas-piramide-peridot","status":"publish","type":"product","link":"https:\/\/mariabelenjewelry.com\/es\/producto\/anillo-texturas-piramide-peridot\/","title":{"rendered":"Anillo Texturas Pir\u00e1mide Peridot"},"content":{"rendered":"<ul>\n<li>Medida ajustable.<\/li>\n<li>Piedra 4 mm peridot.<\/li>\n<\/ul>\n","protected":false},"excerpt":{"rendered":"<p>Anillo de la Colecci\u00f3n Texturas de Mar\u00eda Bel\u00e9n Jewelry, elaborado en Plata .925, t\u00e9cnica reticulado, acabado brillante. Hecho a mano en M\u00e9xico, de manera artesanal.<\/p>\n<p>Para mantener el cuidado de esta pieza recomendamos, limpiar con una franela, evitar el contacto directo con perfumes, cremas, lociones, cosm\u00e9ticos y soluciones salinas.<\/p>\n","protected":false},"featured_media":624,"comment_status":"open","ping_status":"closed","template":"","meta":[],"product_brand":[],"product_cat":[72,76],"product_tag":[85,106,83,82,86,91,89,87,90],"class_list":{"0":"post-627","1":"product","2":"type-product","3":"status-publish","4":"has-post-thumbnail","6":"product_cat-texturas-colecciones","7":"product_cat-anillos","8":"product_tag-ajewelforlife","9":"product_tag-anillo-texturas-piramide-peridot","10":"product_tag-hechoamano","11":"product_tag-hechoenmexico","12":"product_tag-mariabelenjewelry","13":"product_tag-platamexicana","14":"product_tag-realizamosenvios","15":"product_tag-silverjewelry","16":"product_tag-thebestgift","18":"first","19":"instock","20":"taxable","21":"shipping-taxable","22":"purchasable","23":"product-type-simple"},"_links":{"self":[{"href":"https:\/\/mariabelenjewelry.com\/es\/wp-json\/wp\/v2\/product\/627","targetHints":{"allow":["GET"]}}],"collection":[{"href":"https:\/\/mariabelenjewelry.com\/es\/wp-json\/wp\/v2\/product"}],"about":[{"href":"https:\/\/mariabelenjewelry.com\/es\/wp-json\/wp\/v2\/types\/product"}],"replies":[{"embeddable":true,"href":"https:\/\/mariabelenjewelry.com\/es\/wp-json\/wp\/v2\/comments?post=627"}],"wp:featuredmedia":[{"embeddable":true,"href":"https:\/\/mariabelenjewelry.com\/es\/wp-json\/wp\/v2\/media\/624"}],"wp:attachment":[{"href":"https:\/\/mariabelenjewelry.com\/es\/wp-json\/wp\/v2\/media?parent=627"}],"wp:term":[{"taxonomy":"product_brand","embeddable":true,"href":"https:\/\/mariabelenjewelry.com\/es\/wp-json\/wp\/v2\/product_brand?post=627"},{"taxonomy":"product_cat","embeddable":true,"href":"https:\/\/mariabelenjewelry.com\/es\/wp-json\/wp\/v2\/product_cat?post=627"},{"taxonomy":"product_tag","embeddable":true,"href":"https:\/\/mariabelenjewelry.com\/es\/wp-json\/wp\/v2\/product_tag?post=627"}],"curies":[{"name":"wp","href":"https:\/\/api.w.org\/{rel}","templated":true}]}}