{"id":663,"date":"2020-07-02T15:05:31","date_gmt":"2020-07-02T15:05:31","guid":{"rendered":"http:\/\/mariabelenjewelry.com\/?post_type=product&#038;p=663"},"modified":"2026-01-31T14:25:26","modified_gmt":"2026-01-31T19:25:26","slug":"anillo-plata-espejo-largo","status":"publish","type":"product","link":"https:\/\/mariabelenjewelry.com\/es\/producto\/anillo-plata-espejo-largo\/","title":{"rendered":"Anillo Espejo 1"},"content":{"rendered":"","protected":false},"excerpt":{"rendered":"<p>Anillo de la Colecci\u00f3n Espejo de Mar\u00eda Bel\u00e9n Jewelry, elaborado en Plata .925, t\u00e9cnica cartoneado, acabado brillante. Hecho a mano en M\u00e9xico, de manera artesanal.<\/p>\n<p>Para mantener el cuidado de esta pieza recomendamos, limpiar con una franela, evitar el contacto directo con perfumes, cremas, lociones, cosm\u00e9ticos y soluciones salinas.<\/p>\n","protected":false},"featured_media":666,"comment_status":"open","ping_status":"closed","template":"","meta":[],"product_brand":[],"product_cat":[71,76],"product_tag":[85,108,83,82,86,91,89,88,87,90],"class_list":{"0":"post-663","1":"product","2":"type-product","3":"status-publish","4":"has-post-thumbnail","6":"product_cat-espejo","7":"product_cat-anillos","8":"product_tag-ajewelforlife","9":"product_tag-anillo-plata-025-espejo-largo","10":"product_tag-hechoamano","11":"product_tag-hechoenmexico","12":"product_tag-mariabelenjewelry","13":"product_tag-platamexicana","14":"product_tag-realizamosenvios","15":"product_tag-shoponline","16":"product_tag-silverjewelry","17":"product_tag-thebestgift","19":"first","20":"instock","21":"taxable","22":"shipping-taxable","23":"purchasable","24":"product-type-variable"},"_links":{"self":[{"href":"https:\/\/mariabelenjewelry.com\/es\/wp-json\/wp\/v2\/product\/663","targetHints":{"allow":["GET"]}}],"collection":[{"href":"https:\/\/mariabelenjewelry.com\/es\/wp-json\/wp\/v2\/product"}],"about":[{"href":"https:\/\/mariabelenjewelry.com\/es\/wp-json\/wp\/v2\/types\/product"}],"replies":[{"embeddable":true,"href":"https:\/\/mariabelenjewelry.com\/es\/wp-json\/wp\/v2\/comments?post=663"}],"wp:featuredmedia":[{"embeddable":true,"href":"https:\/\/mariabelenjewelry.com\/es\/wp-json\/wp\/v2\/media\/666"}],"wp:attachment":[{"href":"https:\/\/mariabelenjewelry.com\/es\/wp-json\/wp\/v2\/media?parent=663"}],"wp:term":[{"taxonomy":"product_brand","embeddable":true,"href":"https:\/\/mariabelenjewelry.com\/es\/wp-json\/wp\/v2\/product_brand?post=663"},{"taxonomy":"product_cat","embeddable":true,"href":"https:\/\/mariabelenjewelry.com\/es\/wp-json\/wp\/v2\/product_cat?post=663"},{"taxonomy":"product_tag","embeddable":true,"href":"https:\/\/mariabelenjewelry.com\/es\/wp-json\/wp\/v2\/product_tag?post=663"}],"curies":[{"name":"wp","href":"https:\/\/api.w.org\/{rel}","templated":true}]}}