{"id":674,"date":"2020-07-02T15:13:16","date_gmt":"2020-07-02T15:13:16","guid":{"rendered":"http:\/\/mariabelenjewelry.com\/?post_type=product&#038;p=674"},"modified":"2026-01-31T14:23:58","modified_gmt":"2026-01-31T19:23:58","slug":"anillo-plata-espejo-rectangulo","status":"publish","type":"product","link":"https:\/\/mariabelenjewelry.com\/es\/producto\/anillo-plata-espejo-rectangulo\/","title":{"rendered":"Anillo Espejo 2"},"content":{"rendered":"<p>Medida ajustable<\/p>\n","protected":false},"excerpt":{"rendered":"<p>Anillo de la Colecci\u00f3n Espejo de Mar\u00eda Bel\u00e9n Jewelry, elaborado en Plata .925, t\u00e9cnica cartoneado, acabado brillante. Hecho a mano en M\u00e9xico, de manera artesanal.<\/p>\n<p>Para mantener el cuidado de esta pieza recomendamos, limpiar con una franela, evitar el contacto directo con perfumes, cremas, lociones, cosm\u00e9ticos y soluciones salinas.<\/p>\n","protected":false},"featured_media":670,"comment_status":"open","ping_status":"closed","template":"","meta":[],"product_brand":[],"product_cat":[71,76],"product_tag":[85,109,83,82,91,89,88,87,90],"class_list":{"0":"post-674","1":"product","2":"type-product","3":"status-publish","4":"has-post-thumbnail","6":"product_cat-espejo","7":"product_cat-anillos","8":"product_tag-ajewelforlife","9":"product_tag-anillo-plata-espejo-rectangulo","10":"product_tag-hechoamano","11":"product_tag-hechoenmexico","12":"product_tag-platamexicana","13":"product_tag-realizamosenvios","14":"product_tag-shoponline","15":"product_tag-silverjewelry","16":"product_tag-thebestgift","18":"first","19":"instock","20":"taxable","21":"shipping-taxable","22":"purchasable","23":"product-type-simple"},"_links":{"self":[{"href":"https:\/\/mariabelenjewelry.com\/es\/wp-json\/wp\/v2\/product\/674","targetHints":{"allow":["GET"]}}],"collection":[{"href":"https:\/\/mariabelenjewelry.com\/es\/wp-json\/wp\/v2\/product"}],"about":[{"href":"https:\/\/mariabelenjewelry.com\/es\/wp-json\/wp\/v2\/types\/product"}],"replies":[{"embeddable":true,"href":"https:\/\/mariabelenjewelry.com\/es\/wp-json\/wp\/v2\/comments?post=674"}],"wp:featuredmedia":[{"embeddable":true,"href":"https:\/\/mariabelenjewelry.com\/es\/wp-json\/wp\/v2\/media\/670"}],"wp:attachment":[{"href":"https:\/\/mariabelenjewelry.com\/es\/wp-json\/wp\/v2\/media?parent=674"}],"wp:term":[{"taxonomy":"product_brand","embeddable":true,"href":"https:\/\/mariabelenjewelry.com\/es\/wp-json\/wp\/v2\/product_brand?post=674"},{"taxonomy":"product_cat","embeddable":true,"href":"https:\/\/mariabelenjewelry.com\/es\/wp-json\/wp\/v2\/product_cat?post=674"},{"taxonomy":"product_tag","embeddable":true,"href":"https:\/\/mariabelenjewelry.com\/es\/wp-json\/wp\/v2\/product_tag?post=674"}],"curies":[{"name":"wp","href":"https:\/\/api.w.org\/{rel}","templated":true}]}}