{"id":686,"date":"2020-07-02T15:41:53","date_gmt":"2020-07-02T15:41:53","guid":{"rendered":"http:\/\/mariabelenjewelry.com\/?post_type=product&#038;p=686"},"modified":"2026-01-31T14:12:15","modified_gmt":"2026-01-31T19:12:15","slug":"bangle-plata-espejo-cuadrado-torcido","status":"publish","type":"product","link":"https:\/\/mariabelenjewelry.com\/es\/producto\/bangle-plata-espejo-cuadrado-torcido\/","title":{"rendered":"Bangle Espejo 4"},"content":{"rendered":"<p><span dir=\"auto\" style=\"vertical-align: inherit;\"><span dir=\"auto\" style=\"vertical-align: inherit;\">La medida interna de este brazalete es de 23,5 cm, siendo esta una medida est\u00e1ndar. Por lo que, si requiere una medida especial, por favor cont\u00e1ctanos.<\/span><\/span><\/p>\n","protected":false},"excerpt":{"rendered":"<p><span dir=\"auto\" style=\"vertical-align: inherit;\"><span dir=\"auto\" style=\"vertical-align: inherit;\">Brazalete de la Colecci\u00f3n Espejo de Mar\u00eda Bel\u00e9n Jewelry, elaborado en Plata .925, t\u00e9cnica cartoneado, tubo torcido, acabado brillante. Hecho a mano en M\u00e9xico, de manera artesanal.<\/span><\/span><\/p>\n<p><span dir=\"auto\" style=\"vertical-align: inherit;\"><span dir=\"auto\" style=\"vertical-align: inherit;\">Para mantener el cuidado de esta pieza recomendamos, limpiar con una franela, evitar el contacto directo con perfumes, cremas, lociones, cosm\u00e9ticos y soluciones salinas.<\/span><\/span><\/p>\n","protected":false},"featured_media":677,"comment_status":"open","ping_status":"closed","template":"","meta":[],"product_brand":[],"product_cat":[71,78],"product_tag":[85,82,86,91,89,87,90],"class_list":{"0":"post-686","1":"product","2":"type-product","3":"status-publish","4":"has-post-thumbnail","6":"product_cat-espejo","7":"product_cat-bangles","8":"product_tag-ajewelforlife","9":"product_tag-hechoenmexico","10":"product_tag-mariabelenjewelry","11":"product_tag-platamexicana","12":"product_tag-realizamosenvios","13":"product_tag-silverjewelry","14":"product_tag-thebestgift","16":"first","17":"instock","18":"taxable","19":"shipping-taxable","20":"purchasable","21":"product-type-simple"},"_links":{"self":[{"href":"https:\/\/mariabelenjewelry.com\/es\/wp-json\/wp\/v2\/product\/686","targetHints":{"allow":["GET"]}}],"collection":[{"href":"https:\/\/mariabelenjewelry.com\/es\/wp-json\/wp\/v2\/product"}],"about":[{"href":"https:\/\/mariabelenjewelry.com\/es\/wp-json\/wp\/v2\/types\/product"}],"replies":[{"embeddable":true,"href":"https:\/\/mariabelenjewelry.com\/es\/wp-json\/wp\/v2\/comments?post=686"}],"wp:featuredmedia":[{"embeddable":true,"href":"https:\/\/mariabelenjewelry.com\/es\/wp-json\/wp\/v2\/media\/677"}],"wp:attachment":[{"href":"https:\/\/mariabelenjewelry.com\/es\/wp-json\/wp\/v2\/media?parent=686"}],"wp:term":[{"taxonomy":"product_brand","embeddable":true,"href":"https:\/\/mariabelenjewelry.com\/es\/wp-json\/wp\/v2\/product_brand?post=686"},{"taxonomy":"product_cat","embeddable":true,"href":"https:\/\/mariabelenjewelry.com\/es\/wp-json\/wp\/v2\/product_cat?post=686"},{"taxonomy":"product_tag","embeddable":true,"href":"https:\/\/mariabelenjewelry.com\/es\/wp-json\/wp\/v2\/product_tag?post=686"}],"curies":[{"name":"wp","href":"https:\/\/api.w.org\/{rel}","templated":true}]}}